{"id":3627,"date":"2024-12-11T17:09:58","date_gmt":"2024-12-11T16:09:58","guid":{"rendered":"https:\/\/altavia-group.com\/supply-chain\/"},"modified":"2026-03-17T18:13:35","modified_gmt":"2026-03-17T17:13:35","slug":"chaine-approvisionnement","status":"publish","type":"page","link":"https:\/\/altavia-group.com\/fr\/chaine-approvisionnement\/","title":{"rendered":"La cha\u00eene d\u2019approvisionnement"},"content":{"rendered":"\n<div class=\"wp-block-group has-custom-spacing has-custom-position has-global-padding is-layout-constrained wp-container-core-group-is-layout-a5dd074b wp-block-group-is-layout-constrained\" style=\"--padding-top-desktop:6rem;--padding-bottom-desktop:10rem;--padding-top-tablet:5rem;--padding-bottom-tablet:5rem;--padding-top-mobile:5rem;--padding-right-mobile:0rem;--padding-bottom-mobile:5rem;--padding-left-mobile:0rem;--position-desktop:relative;--position-tablet:relative;--position-mobile:relative;--overflow-desktop:visible;--overflow-tablet:visible;--overflow-mobile:visible\" id=\"block-69e5c0ad0b265\">\n<div class=\"wp-block-group has-custom-position has-custom-spacing is-layout-flow wp-block-group-is-layout-flow\" style=\"--margin-right-desktop:8%;--margin-left-desktop:8%;--margin-right-tablet:0rem;--margin-left-tablet:0rem;--margin-right-mobile:0rem;--margin-left-mobile:0rem;--position-desktop:relative;--position-tablet:relative;--position-mobile:relative;--overflow-desktop:visible;--overflow-tablet:visible;--overflow-mobile:visible\" id=\"block-69e5c0ad0b17e\">\n<h2 class=\"wp-block-heading has-custom-spacing has-white-color has-text-color has-link-color wp-elements-44045263b1ab864c4e632b98add893f2\" style=\"--margin-bottom-desktop:4rem\" id=\"block-69e5c0ad0a266\"><strong>Une ex\u00e9cution innovante, respectueuse de l\u2019environnement et fluide<\/strong><\/h2>\n\n\n\n<p class=\"has-white-color has-text-color has-link-color has-popins-font-family wp-elements-764c21154eebdf2fc8b316f2347a3aeb\" style=\"font-size:clamp(1.6rem, 0.625vw + 1.475rem, 1.8rem)\">La mod\u00e9lisation de la cha\u00eene d\u2019approvisionnement \u00e0 base de donn\u00e9es, les leviers d\u2019agilit\u00e9 et les pratiques durables sont int\u00e9gr\u00e9s aux points strat\u00e9giques de notre \u00e9cosyst\u00e8me international de fournisseurs et de notre r\u00e9seau de cha\u00eene d\u2019approvisionnement. Ils nous permettent d\u2019exceller dans notre gestion des op\u00e9rations centr\u00e9es sur le client, de garantir des prix comp\u00e9titifs et une excellence d\u2019ex\u00e9cution au quotidien.<br><br>Nous g\u00e9n\u00e9rons un impact et une valeur mesurables.<\/p>\n<\/div>\n<\/div>\n\n\n\n<div class=\"wp-block-group has-custom-spacing has-custom-position has-global-padding is-layout-constrained wp-container-core-group-is-layout-72190d31 wp-block-group-is-layout-constrained\" style=\"margin-top:0;margin-bottom:0;padding-top:0;padding-right:0;padding-bottom:0;padding-left:0;--margin-top-desktop:8rem;--margin-bottom-desktop:1rem;--margin-top-tablet:5rem;--margin-bottom-tablet:1rem;--margin-top-mobile:3rem;--margin-bottom-mobile:1rem;--position-desktop:relative;--position-tablet:relative;--position-mobile:relative;--overflow-desktop:visible;--overflow-tablet:visible;--overflow-mobile:visible\" id=\"block-69e5c0ad0d028\">\n<div class=\"wp-block-group has-custom-position has-custom-spacing has-global-padding is-layout-constrained wp-block-group-is-layout-constrained\" style=\"border-top-left-radius:50px;border-top-right-radius:50px;border-bottom-left-radius:50px;border-bottom-right-radius:50px;--margin-right-desktop:8%;--margin-left-desktop:8%;--margin-right-tablet:0rem;--margin-left-tablet:0rem;--margin-right-mobile:0rem;--margin-left-mobile:0rem;--position-desktop:relative;--position-tablet:relative;--position-mobile:relative;--overflow-desktop:visible;--overflow-tablet:visible;--overflow-mobile:visible\" id=\"block-69e5c0ad0cf06\">\n<div class=\"wp-block-cover is-light\" style=\"border-radius: 50px; overflow: hidden;\"><img decoding=\"async\" width=\"1318\" height=\"412\" loading=\"lazy\" class=\"wp-block-cover__image-background wp-image-8610\" alt=\"\" src=\"http:\/\/altavia-group.com\/wp-content\/uploads\/2025\/01\/bg_industries_retail.png\" data-object-fit=\"cover\" srcset=\"https:\/\/altavia-group.com\/wp-content\/uploads\/2025\/01\/bg_industries_retail.png 1318w, https:\/\/altavia-group.com\/wp-content\/uploads\/2025\/01\/bg_industries_retail-300x94.png 300w, https:\/\/altavia-group.com\/wp-content\/uploads\/2025\/01\/bg_industries_retail-1024x320.png 1024w, https:\/\/altavia-group.com\/wp-content\/uploads\/2025\/01\/bg_industries_retail-768x240.png 768w\" sizes=\"auto, (max-width: 1318px) 100vw, 1318px\" \/><span aria-hidden=\"true\" class=\"wp-block-cover__background has-background-dim-0 has-background-dim\"><\/span><div class=\"wp-block-cover__inner-container has-global-padding is-layout-constrained wp-block-cover-is-layout-constrained\">\n<div class=\"wp-block-group has-custom-spacing has-custom-position has-global-padding is-layout-constrained wp-container-core-group-is-layout-72190d31 wp-block-group-is-layout-constrained\" style=\"margin-top:0;margin-bottom:0;padding-top:0;padding-right:0;padding-bottom:0;padding-left:0;--padding-top-desktop:3rem;--padding-right-desktop:10rem;--padding-bottom-desktop:3rem;--padding-left-desktop:10rem;--padding-top-tablet:2rem;--padding-right-tablet:5rem;--padding-bottom-tablet:2rem;--padding-left-tablet:5rem;--padding-top-mobile:3rem;--padding-right-mobile:3rem;--padding-bottom-mobile:3rem;--padding-left-mobile:3rem;--position-desktop:relative;--position-tablet:relative;--position-mobile:relative;--overflow-desktop:visible;--overflow-tablet:visible;--overflow-mobile:visible\" id=\"block-69e5c0ad0c09e\">\n<h2 class=\"wp-block-heading has-custom-spacing has-white-color has-text-color has-link-color wp-elements-502ff980c8e0a96a8fa5ae590b9c5e7b\" style=\"--margin-bottom-desktop:4rem\" id=\"block-69e5c0ad0bc96\"><strong><strong>Notre \u00e9cosyst\u00e8me de d\u00e9veloppement durable<\/strong><\/strong><\/h2>\n\n\n\n<p class=\"has-black-color has-text-color has-link-color has-popins-font-family wp-elements-8182d252e2720d794e160b04454f7cf4\" style=\"font-size:clamp(1.6rem, 0.625vw + 1.475rem, 1.8rem)\">Nos efforts se concentrent sur l\u2019innovation \u00e9co-con\u00e7ue et la circularit\u00e9. Nos fournisseurs certifi\u00e9s tri\u00e9s sur le volet, notre expertise en \u00e9coconception, nos strat\u00e9gies bas\u00e9es sur les donn\u00e9es et nos outils num\u00e9riques construisent un \u00e9cosyst\u00e8me \u00e9volutif par\u00e9 pour l\u2019avenir. Nous avons cr\u00e9\u00e9 un environnement propice \u00e0 l\u2019\u00e9co-conception comp\u00e9titive de produits et de services, \u00e0 la mesure de l\u2019impact des \u00e9missions de CO2 et \u00e0 la circularit\u00e9 de nos offres. Cela se traduit par des r\u00e9sultats tangibles et mesurables pour la cha\u00eene de valeur..<\/p>\n<\/div>\n<\/div><\/div>\n<\/div>\n<\/div>\n\n\n\n<div class=\"wp-block-group has-custom-spacing has-custom-position has-global-padding is-layout-constrained wp-container-core-group-is-layout-a5dd074b wp-block-group-is-layout-constrained\" style=\"--padding-top-desktop:6rem;--padding-bottom-desktop:10rem;--padding-right-mobile:0rem;--padding-left-mobile:0rem;--position-desktop:relative;--position-tablet:relative;--position-mobile:relative;--overflow-desktop:visible;--overflow-tablet:visible;--overflow-mobile:visible\" id=\"block-69e5c0ad0dc4f\">\n<div class=\"wp-block-group has-custom-position has-custom-spacing is-layout-flow wp-block-group-is-layout-flow\" style=\"--margin-right-desktop:8%;--margin-left-desktop:8%;--margin-right-tablet:0rem;--margin-left-tablet:0rem;--margin-right-mobile:0rem;--margin-left-mobile:0rem;--position-desktop:relative;--position-tablet:relative;--position-mobile:relative;--overflow-desktop:visible;--overflow-tablet:visible;--overflow-mobile:visible\" id=\"block-69e5c0ad0db68\">\n<h2 class=\"wp-block-heading has-custom-spacing has-white-color has-text-color has-link-color wp-elements-b7759a29e8019f1a8eaa81a6a6325e89\" style=\"--margin-bottom-desktop:4rem\" id=\"block-69e5c0ad0d8ca\"><strong>Approvisionnement de classe mondiale<\/strong> &#8211; <strong>Chaque centime produit plus et chaque d\u00e9cision inspire des actions plus pertinentes.<\/strong><\/h2>\n\n\n\n<p class=\"has-white-color has-text-color has-link-color has-popins-font-family wp-elements-c57d80331a07b03b3a4fe24d72fa85c5\" style=\"font-size:clamp(1.6rem, 0.625vw + 1.475rem, 1.8rem)\">Notre mod\u00e8le 5A SC, Agile, Adaptable, Align\u00e9, Anticipatif et Acc\u00e9l\u00e9rateur, assure \u00e0 l\u2019OTIF la fourniture de solutions efficaces, efficientes et \u00e9co-responsables, adapt\u00e9es aux besoins uniques de nos clients.<br><br>Notre approche globale et notre connaissance approfondie des march\u00e9s d\u2019approvisionnement dans toutes les r\u00e9gions du monde, notre expertise en mati\u00e8re d\u2019approvisionnement et notre vision \u00e0 long terme, associ\u00e9es \u00e0 l\u2019utilisation strat\u00e9gique des donn\u00e9es dans la mod\u00e9lisation de la cha\u00eene d\u2019approvisionnement et la tra\u00e7abilit\u00e9, nous permettent de g\u00e9rer de mani\u00e8re optimale les relations avec les fournisseurs.<br><br>Nous avons ainsi cr\u00e9\u00e9 un environnement propice \u00e0 la cr\u00e9ation de valeur, \u00e0 l\u2019innovation et au d\u00e9veloppement durable, par le biais de partenariats mutuellement b\u00e9n\u00e9fiques.<\/p>\n<\/div>\n<\/div>\n\n\n\n<div class=\"wp-block-group alignfull has-custom-position has-custom-spacing has-white-background-color has-background is-layout-flow wp-block-group-is-layout-flow\" style=\"--padding-top-desktop:6rem;--padding-bottom-desktop:10rem;--padding-bottom-tablet:6rem;--padding-top-mobile:6rem;--padding-right-mobile:0rem;--padding-bottom-mobile:6rem;--padding-left-mobile:0rem;--position-desktop:relative;--position-tablet:relative;--position-mobile:relative;--overflow-desktop:visible;--overflow-tablet:visible;--overflow-mobile:visible\" id=\"block-69e5c0ad0eb83\">\n<div class=\"wp-block-group container has-custom-position has-global-padding is-layout-constrained wp-block-group-is-layout-constrained\" style=\"--position-desktop:relative;--position-tablet:relative;--position-mobile:relative;--overflow-desktop:visible;--overflow-tablet:visible;--overflow-mobile:visible\">\n<div class=\"wp-block-group has-custom-position has-custom-spacing has-global-padding is-layout-constrained wp-block-group-is-layout-constrained\" style=\"--padding-right-desktop:8%;--padding-left-desktop:8%;--margin-right-tablet:auto;--margin-left-tablet:auto;--padding-right-tablet:0rem;--padding-left-tablet:0rem;--padding-right-mobile:0rem;--padding-left-mobile:0rem;--position-desktop:relative;--position-tablet:relative;--position-mobile:relative;--overflow-desktop:visible;--overflow-tablet:visible;--overflow-mobile:visible\" id=\"block-69e5c0ad0ea43\">\n<h2 class=\"wp-block-heading has-custom-spacing has-black-color has-text-color has-link-color wp-elements-922641eb9b10dffeeb86686262788c13\" style=\"--margin-bottom-desktop:4rem\" id=\"block-69e5c0ad0e585\"><strong>Des capacit\u00e9s de premier ordre &#8211; L\u2019excellence n\u2019est pas seulement notre objectif, c\u2019est notre point de d\u00e9part<\/strong><\/h2>\n\n\n\n<p class=\"has-black-color has-text-color has-link-color has-popins-font-family wp-elements-527cf118e5c1c02da71e29a2926f664c\" style=\"font-size:clamp(1.6rem, 0.625vw + 1.475rem, 1.8rem)\">Nous conjuguons expertise, innovation et agilit\u00e9 pour d\u00e9passer constamment les attentes et fournir des r\u00e9sultats mesurables. Notre strat\u00e9gie SC ax\u00e9e sur le client, et pilot\u00e9e de mani\u00e8re centralis\u00e9e, d\u00e9veloppe des capacit\u00e9s ax\u00e9es sur la valeur aux points cl\u00e9s. Elle assure une ex\u00e9cution et un d\u00e9ploiement mondial impeccable des solutions, dans le respect des particularit\u00e9s r\u00e9gionales et\/ou locales. Gr\u00e2ce \u00e0 notre approche modulaire, \u00e0 nos leviers d\u2019\u00e9co-responsabilit\u00e9 int\u00e9gr\u00e9s et \u00e0 notre mod\u00e9lisation avanc\u00e9e de la cha\u00eene d\u2019approvisionnement, nous offrons des analyses pr\u00e9dictives et une visibilit\u00e9 en temps r\u00e9el. Nous pouvons anticiper l\u2019alignement des indicateurs cl\u00e9s de performance et des incitations. Tout cela cr\u00e9e une cha\u00eene d\u2019approvisionnement \u00e9tendue parfaitement align\u00e9e, r\u00e9siliente et \u00e9volutive, des clients aux fournisseurs, qui g\u00e9n\u00e8re constamment de la valeur.<\/p>\n\n\n\n<p class=\"has-black-color has-text-color has-link-color wp-elements-65be0c58e623a58b2752f760000b94e3\" style=\"font-size:clamp(1.6rem, 0.625vw + 1.475rem, 1.8rem)\"><\/p>\n<\/div>\n<\/div>\n<\/div>\n\n\n\n<div class=\"wp-block-group alignfull has-custom-spacing has-custom-position has-global-padding is-layout-constrained wp-container-core-group-is-layout-6dc0db22 wp-block-group-is-layout-constrained\" style=\"--position-desktop:relative;--position-tablet:relative;--position-mobile:relative;--overflow-desktop:visible;--overflow-tablet:visible;--overflow-mobile:visible\" id=\"block-69e5c0ad0f0de\">\n<div class=\"wp-block-akk2blocks-cover2 alignfull akk2-cover2 has-bg-size-desktop-cover has-bg-size-tablet-contain has-bg-size-mobile-contain\" style=\"position:relative;min-height:100px;z-index:42\"><div class=\"akk2-cover2-background\" style=\"background-image:url(http:\/\/altavia-group.com\/wp-content\/uploads\/2024\/12\/content_factory_lastt_section_bg.webp);background-position:bottom center;background-attachment:scroll;transform:scale(1);transform-origin:center center\"><\/div><div class=\"akk2-cover2-content\">\n<div class=\"wp-block-group container has-custom-spacing has-custom-position has-custom-dimensions has-global-padding is-layout-constrained wp-container-core-group-is-layout-6dc0db22 wp-block-group-is-layout-constrained\" style=\"--height-tablet:100%;--height-mobile:100%;--padding-top-desktop:10rem;--padding-bottom-desktop:10rem;--margin-right-tablet:auto;--margin-left-tablet:auto;--padding-top-tablet:5rem;--padding-right-tablet:0px;--padding-bottom-tablet:5rem;--padding-left-tablet:0px;--margin-right-mobile:auto;--margin-left-mobile:auto;--padding-top-mobile:5rem;--padding-right-mobile:0rem;--padding-bottom-mobile:5rem;--padding-left-mobile:0rem;--position-desktop:relative;--position-tablet:relative;--position-mobile:relative;--overflow-desktop:visible;--overflow-tablet:visible;--overflow-mobile:visible\" id=\"block-69e5c0ad0efc5\">\n<h4 class=\"wp-block-heading has-custom-spacing has-custom-spacing\" style=\"font-size:clamp(1.8rem, 0.833vw + 1.633rem, 2.4rem);font-style:normal;font-weight:700;--margin-right-desktop:8%;--margin-left-desktop:8%\" id=\"block-69e5c0ad0edcf\"><strong>Excellence op\u00e9rationnelle<\/strong><\/h4>\n\n\n\n<h4 class=\"wp-block-heading has-custom-spacing has-custom-spacing\" style=\"font-size:clamp(3rem, 2vw + 2rem, 4.8rem);font-style:normal;font-weight:700;--margin-top-desktop:0px;--margin-right-desktop:8%;--margin-bottom-desktop:45px;--margin-left-desktop:8%\" id=\"block-69e5c0ad0ee67\">L\u2019excellence ne se limite pas \u00e0 un acte ou \u00e0 un point de d\u00e9part : c\u2019est aussi une mani\u00e8re d\u2019\u00eatre !<\/h4>\n\n\n\n<p class=\"has-custom-spacing has-custom-spacing\" style=\"font-size:clamp(1.6rem, 0.625vw + 1.475rem, 1.8rem);--margin-right-desktop:8%;--margin-left-desktop:8%\" id=\"block-69e5c0ad0eed9\">Rendre simple ce qui est complexe, \u00e9tablir des priorit\u00e9s et cr\u00e9er un environnement propice \u00e0 bien faire les choses du premier coup. Au c\u0153ur de notre approche se trouve l\u2019engagement d\u2019une ex\u00e9cution de qualit\u00e9, tous les jours, toute la journ\u00e9e. Gr\u00e2ce \u00e0 notre culture de l\u2019innovation et de l\u2019am\u00e9lioration continue, nous avons concentr\u00e9 nos efforts sur le d\u00e9veloppement de capacit\u00e9s permettant d\u2019analyser les causes profondes, d\u2019accro\u00eetre l\u2019efficacit\u00e9, d\u2019am\u00e9liorer la qualit\u00e9 et de r\u00e9duire les co\u00fbts. C\u2019est pourquoi nous sommes confiants dans notre capacit\u00e9 \u00e0 tisser des relations fructueuses et pr\u00e9cieuses \u00e0 long terme avec les fournisseurs et les clients de notre \u00e9cosyst\u00e8me, ainsi qu\u2019avec nos \u00e9quipes.<\/p>\n<\/div>\n<\/div><\/div>\n<\/div>\n","protected":false},"excerpt":{"rendered":"<p>Une ex\u00e9cution innovante, respectueuse de l\u2019environnement et fluide La mod\u00e9lisation de la cha\u00eene d\u2019approvisionnement \u00e0 base de donn\u00e9es, les leviers d\u2019agilit\u00e9 et les pratiques durables sont int\u00e9gr\u00e9s aux points strat\u00e9giques de notre \u00e9cosyst\u00e8me international de fournisseurs et de notre r\u00e9seau de cha\u00eene d\u2019approvisionnement. Ils nous permettent d\u2019exceller dans notre gestion des op\u00e9rations centr\u00e9es sur le&#8230;  <a class=\"excerpt-read-more\" href=\"https:\/\/altavia-group.com\/fr\/chaine-approvisionnement\/\" title=\"LireLa cha\u00eene d\u2019approvisionnement\">En savoir plus \u00bb<\/a><\/p>\n","protected":false},"author":10,"featured_media":10274,"parent":0,"menu_order":0,"comment_status":"closed","ping_status":"closed","template":"","meta":{"_acf_changed":false,"color_menu":"","footer_color_background":"","featured_image_url":"","footnotes":""},"class_list":["post-3627","page","type-page","status-publish","has-post-thumbnail","hentry"],"acf":[],"yoast_head":"<!-- This site is optimized with the Yoast SEO plugin v27.4 - https:\/\/yoast.com\/product\/yoast-seo-wordpress\/ -->\n<title>Cha\u00eene d\u2019Approvisionnement - Efficace &amp; Responsable - Altavia<\/title>\n<meta name=\"description\" content=\"De la conception \u00e0 la livraison, Altavia optimise votre supply chain marketing avec des solutions agiles, \u00e9thiques et performantes.\" \/>\n<meta name=\"robots\" content=\"index, follow, max-snippet:-1, max-image-preview:large, max-video-preview:-1\" \/>\n<meta property=\"og:locale\" content=\"fr_FR\" \/>\n<meta property=\"og:type\" content=\"article\" \/>\n<meta property=\"og:title\" content=\"Cha\u00eene d\u2019Approvisionnement - Efficace &amp; Responsable - Altavia\" \/>\n<meta property=\"og:description\" content=\"De la conception \u00e0 la livraison, Altavia optimise votre supply chain marketing avec des solutions agiles, \u00e9thiques et performantes.\" \/>\n<meta property=\"og:url\" content=\"https:\/\/altavia-group.com\/supply-chain\/\" \/>\n<meta property=\"og:site_name\" content=\"Altavia\" \/>\n<meta property=\"article:modified_time\" content=\"2026-03-17T17:13:35+00:00\" \/>\n<meta property=\"og:image\" content=\"https:\/\/altavia-group.com\/wp-content\/uploads\/2026\/03\/bg_supply_chain.png\" \/>\n\t<meta property=\"og:image:width\" content=\"1920\" \/>\n\t<meta property=\"og:image:height\" content=\"899\" \/>\n\t<meta property=\"og:image:type\" content=\"image\/png\" \/>\n<meta name=\"twitter:card\" content=\"summary_large_image\" \/>\n<meta name=\"twitter:label1\" content=\"Est. reading time\" \/>\n\t<meta name=\"twitter:data1\" content=\"2 minutes\" \/>\n<script type=\"application\/ld+json\" class=\"yoast-schema-graph\">{\"@context\":\"https:\\\/\\\/schema.org\",\"@graph\":[{\"@type\":\"WebPage\",\"@id\":\"https:\\\/\\\/altavia-group.com\\\/supply-chain\\\/\",\"url\":\"https:\\\/\\\/altavia-group.com\\\/supply-chain\\\/\",\"name\":\"Cha\u00eene d\u2019Approvisionnement - Efficace & Responsable - Altavia\",\"isPartOf\":{\"@id\":\"http:\\\/\\\/altavia-group.com\\\/fr\\\/#website\"},\"primaryImageOfPage\":{\"@id\":\"https:\\\/\\\/altavia-group.com\\\/supply-chain\\\/#primaryimage\"},\"image\":{\"@id\":\"https:\\\/\\\/altavia-group.com\\\/supply-chain\\\/#primaryimage\"},\"thumbnailUrl\":\"https:\\\/\\\/altavia-group.com\\\/wp-content\\\/uploads\\\/2026\\\/03\\\/bg_supply_chain.png\",\"datePublished\":\"2024-12-11T16:09:58+00:00\",\"dateModified\":\"2026-03-17T17:13:35+00:00\",\"description\":\"De la conception \u00e0 la livraison, Altavia optimise votre supply chain marketing avec des solutions agiles, \u00e9thiques et performantes.\",\"breadcrumb\":{\"@id\":\"https:\\\/\\\/altavia-group.com\\\/supply-chain\\\/#breadcrumb\"},\"inLanguage\":\"fr-FR\",\"potentialAction\":[{\"@type\":\"ReadAction\",\"target\":[\"https:\\\/\\\/altavia-group.com\\\/supply-chain\\\/\"]}]},{\"@type\":\"ImageObject\",\"inLanguage\":\"fr-FR\",\"@id\":\"https:\\\/\\\/altavia-group.com\\\/supply-chain\\\/#primaryimage\",\"url\":\"https:\\\/\\\/altavia-group.com\\\/wp-content\\\/uploads\\\/2026\\\/03\\\/bg_supply_chain.png\",\"contentUrl\":\"https:\\\/\\\/altavia-group.com\\\/wp-content\\\/uploads\\\/2026\\\/03\\\/bg_supply_chain.png\",\"width\":1920,\"height\":899},{\"@type\":\"BreadcrumbList\",\"@id\":\"https:\\\/\\\/altavia-group.com\\\/supply-chain\\\/#breadcrumb\",\"itemListElement\":[{\"@type\":\"ListItem\",\"position\":1,\"name\":\"Home\",\"item\":\"https:\\\/\\\/altavia-group.com\\\/fr\\\/\"},{\"@type\":\"ListItem\",\"position\":2,\"name\":\"La cha\u00eene d\u2019approvisionnement\"}]},{\"@type\":\"WebSite\",\"@id\":\"http:\\\/\\\/altavia-group.com\\\/fr\\\/#website\",\"url\":\"http:\\\/\\\/altavia-group.com\\\/fr\\\/\",\"name\":\"Altavia\",\"description\":\"Let\u2019s unlock our imagination.\",\"publisher\":{\"@id\":\"http:\\\/\\\/altavia-group.com\\\/fr\\\/#organization\"},\"potentialAction\":[{\"@type\":\"SearchAction\",\"target\":{\"@type\":\"EntryPoint\",\"urlTemplate\":\"http:\\\/\\\/altavia-group.com\\\/fr\\\/?s={search_term_string}\"},\"query-input\":{\"@type\":\"PropertyValueSpecification\",\"valueRequired\":true,\"valueName\":\"search_term_string\"}}],\"inLanguage\":\"fr-FR\"},{\"@type\":\"Organization\",\"@id\":\"http:\\\/\\\/altavia-group.com\\\/fr\\\/#organization\",\"name\":\"Altavia\",\"url\":\"http:\\\/\\\/altavia-group.com\\\/fr\\\/\",\"logo\":{\"@type\":\"ImageObject\",\"inLanguage\":\"fr-FR\",\"@id\":\"http:\\\/\\\/altavia-group.com\\\/fr\\\/#\\\/schema\\\/logo\\\/image\\\/\",\"url\":\"http:\\\/\\\/altavia-group.com\\\/wp-content\\\/uploads\\\/2024\\\/12\\\/cropped-favicon-altavia.png\",\"contentUrl\":\"http:\\\/\\\/altavia-group.com\\\/wp-content\\\/uploads\\\/2024\\\/12\\\/cropped-favicon-altavia.png\",\"width\":512,\"height\":512,\"caption\":\"Altavia\"},\"image\":{\"@id\":\"http:\\\/\\\/altavia-group.com\\\/fr\\\/#\\\/schema\\\/logo\\\/image\\\/\"}}]}<\/script>\n<!-- \/ Yoast SEO plugin. -->","yoast_head_json":{"title":"Cha\u00eene d\u2019Approvisionnement - Efficace & Responsable - Altavia","description":"De la conception \u00e0 la livraison, Altavia optimise votre supply chain marketing avec des solutions agiles, \u00e9thiques et performantes.","robots":{"index":"index","follow":"follow","max-snippet":"max-snippet:-1","max-image-preview":"max-image-preview:large","max-video-preview":"max-video-preview:-1"},"og_locale":"fr_FR","og_type":"article","og_title":"Cha\u00eene d\u2019Approvisionnement - Efficace & Responsable - Altavia","og_description":"De la conception \u00e0 la livraison, Altavia optimise votre supply chain marketing avec des solutions agiles, \u00e9thiques et performantes.","og_url":"https:\/\/altavia-group.com\/supply-chain\/","og_site_name":"Altavia","article_modified_time":"2026-03-17T17:13:35+00:00","og_image":[{"width":1920,"height":899,"url":"https:\/\/altavia-group.com\/wp-content\/uploads\/2026\/03\/bg_supply_chain.png","type":"image\/png"}],"twitter_card":"summary_large_image","twitter_misc":{"Est. reading time":"2 minutes"},"schema":{"@context":"https:\/\/schema.org","@graph":[{"@type":"WebPage","@id":"https:\/\/altavia-group.com\/supply-chain\/","url":"https:\/\/altavia-group.com\/supply-chain\/","name":"Cha\u00eene d\u2019Approvisionnement - Efficace & Responsable - Altavia","isPartOf":{"@id":"http:\/\/altavia-group.com\/fr\/#website"},"primaryImageOfPage":{"@id":"https:\/\/altavia-group.com\/supply-chain\/#primaryimage"},"image":{"@id":"https:\/\/altavia-group.com\/supply-chain\/#primaryimage"},"thumbnailUrl":"https:\/\/altavia-group.com\/wp-content\/uploads\/2026\/03\/bg_supply_chain.png","datePublished":"2024-12-11T16:09:58+00:00","dateModified":"2026-03-17T17:13:35+00:00","description":"De la conception \u00e0 la livraison, Altavia optimise votre supply chain marketing avec des solutions agiles, \u00e9thiques et performantes.","breadcrumb":{"@id":"https:\/\/altavia-group.com\/supply-chain\/#breadcrumb"},"inLanguage":"fr-FR","potentialAction":[{"@type":"ReadAction","target":["https:\/\/altavia-group.com\/supply-chain\/"]}]},{"@type":"ImageObject","inLanguage":"fr-FR","@id":"https:\/\/altavia-group.com\/supply-chain\/#primaryimage","url":"https:\/\/altavia-group.com\/wp-content\/uploads\/2026\/03\/bg_supply_chain.png","contentUrl":"https:\/\/altavia-group.com\/wp-content\/uploads\/2026\/03\/bg_supply_chain.png","width":1920,"height":899},{"@type":"BreadcrumbList","@id":"https:\/\/altavia-group.com\/supply-chain\/#breadcrumb","itemListElement":[{"@type":"ListItem","position":1,"name":"Home","item":"https:\/\/altavia-group.com\/fr\/"},{"@type":"ListItem","position":2,"name":"La cha\u00eene d\u2019approvisionnement"}]},{"@type":"WebSite","@id":"http:\/\/altavia-group.com\/fr\/#website","url":"http:\/\/altavia-group.com\/fr\/","name":"Altavia","description":"Let\u2019s unlock our imagination.","publisher":{"@id":"http:\/\/altavia-group.com\/fr\/#organization"},"potentialAction":[{"@type":"SearchAction","target":{"@type":"EntryPoint","urlTemplate":"http:\/\/altavia-group.com\/fr\/?s={search_term_string}"},"query-input":{"@type":"PropertyValueSpecification","valueRequired":true,"valueName":"search_term_string"}}],"inLanguage":"fr-FR"},{"@type":"Organization","@id":"http:\/\/altavia-group.com\/fr\/#organization","name":"Altavia","url":"http:\/\/altavia-group.com\/fr\/","logo":{"@type":"ImageObject","inLanguage":"fr-FR","@id":"http:\/\/altavia-group.com\/fr\/#\/schema\/logo\/image\/","url":"http:\/\/altavia-group.com\/wp-content\/uploads\/2024\/12\/cropped-favicon-altavia.png","contentUrl":"http:\/\/altavia-group.com\/wp-content\/uploads\/2024\/12\/cropped-favicon-altavia.png","width":512,"height":512,"caption":"Altavia"},"image":{"@id":"http:\/\/altavia-group.com\/fr\/#\/schema\/logo\/image\/"}}]}},"_links":{"self":[{"href":"https:\/\/altavia-group.com\/fr\/wp-json\/wp\/v2\/pages\/3627","targetHints":{"allow":["GET"]}}],"collection":[{"href":"https:\/\/altavia-group.com\/fr\/wp-json\/wp\/v2\/pages"}],"about":[{"href":"https:\/\/altavia-group.com\/fr\/wp-json\/wp\/v2\/types\/page"}],"author":[{"embeddable":true,"href":"https:\/\/altavia-group.com\/fr\/wp-json\/wp\/v2\/users\/10"}],"replies":[{"embeddable":true,"href":"https:\/\/altavia-group.com\/fr\/wp-json\/wp\/v2\/comments?post=3627"}],"version-history":[{"count":0,"href":"https:\/\/altavia-group.com\/fr\/wp-json\/wp\/v2\/pages\/3627\/revisions"}],"wp:featuredmedia":[{"embeddable":true,"href":"https:\/\/altavia-group.com\/fr\/wp-json\/wp\/v2\/media\/10274"}],"wp:attachment":[{"href":"https:\/\/altavia-group.com\/fr\/wp-json\/wp\/v2\/media?parent=3627"}],"curies":[{"name":"wp","href":"https:\/\/api.w.org\/{rel}","templated":true}]}}