{"id":3692,"date":"2014-06-06T08:50:57","date_gmt":"2014-06-06T07:50:57","guid":{"rendered":"https:\/\/altavia-group.com\/terms-of-use\/"},"modified":"2026-03-19T14:34:09","modified_gmt":"2026-03-19T13:34:09","slug":"mentions-legales","status":"publish","type":"page","link":"https:\/\/altavia-group.com\/fr\/mentions-legales\/","title":{"rendered":"Mentions l\u00e9gales"},"content":{"rendered":"\n<div class=\"wp-block-group has-custom-position has-custom-spacing has-global-padding is-layout-constrained wp-block-group-is-layout-constrained\" style=\"--margin-top-desktop:10rem;--margin-right-desktop:8%;--margin-bottom-desktop:10rem;--margin-left-desktop:8%;--margin-top-tablet:5rem;--margin-right-tablet:auto;--margin-bottom-tablet:5rem;--margin-left-tablet:auto;--margin-top-mobile:5rem;--margin-right-mobile:auto;--margin-bottom-mobile:5rem;--margin-left-mobile:auto;--position-desktop:relative;--position-tablet:relative;--position-mobile:relative;--overflow-desktop:visible;--overflow-tablet:visible;--overflow-mobile:visible\" id=\"block-69e80df8c7d1b\"><div id=\"block_a4512dab1b637dbf2739181412895775\" class=\"block-textminor\">\n    <div class=\"row\">\n              <div class=\"col-lg-10 col-12\">\n        <div class=\"block-textminor-main\">\n                          <h2 class=\"block-textminor-title h3\">\n                  \u00c9diteur              <\/h2>\n                                      <div class=\"block-textminor-text\">\n                  <p>Le pr\u00e9sent site web est \u00e9dit\u00e9 par la soci\u00e9t\u00e9 ALTAVIA S.A. au capital de 3.846.411 Euros, immatricul\u00e9e au registre du commerce et des soci\u00e9t\u00e9s de Paris, sous le num\u00e9ro N\u00b0327 168 332, dont le si\u00e8ge social est situ\u00e9 au 1, rue Rembrandt \u2013 75008 PARIS \u2013 France (TVA Intra: ALTAVIA FR 323 271 68 332 )<\/p>\n<p>Tel : 01.49.48.00.00 \u2013 contact@altavia-group.com<\/p>\n<p>ALTAVIA SA informe les visiteurs du site que les pr\u00e9sentes mentions peuvent \u00eatre modifi\u00e9es \u00e0 tout moment, sans pr\u00e9avis. Ces modifications sont publi\u00e9es par leur mise en ligne et sont r\u00e9put\u00e9es \u00eatre accept\u00e9es sans r\u00e9serve par tout Utilisateur qui acc\u00e8de post\u00e9rieurement \u00e0 leur mise en ligne.<\/p>\n<p>Dans l\u2019hypoth\u00e8se o\u00f9 l\u2019une des clauses des pr\u00e9sentes serait nulle du fait d\u2019une modification l\u00e9gislative, r\u00e9glementaire ou jurisprudentielle, les autres stipulations des pr\u00e9sentes mentions demeurent en vigueur.<\/p>\n              <\/div>\n            \n                    <\/div>\n      <\/div>\n  <\/div>\n<\/div>\n\n\n<div id=\"block_4ad61b6d5d149b50e92c37c2590bd491\" class=\"block-textminor\">\n    <div class=\"row\">\n              <div class=\"col-lg-10 col-12\">\n        <div class=\"block-textminor-main\">\n                          <h2 class=\"block-textminor-title h3\">\n                  H\u00e9bergement              <\/h2>\n                                      <div class=\"block-textminor-text\">\n                  <p>Le site est h\u00e9berg\u00e9 par : WPEngine, Inc.<br aria-hidden=\"true\" \/>Adresse : 504 Lavaca Street, Suite 1000, TX 78701 Austin, \u00c9tats-Unis<br aria-hidden=\"true\" \/>T\u00e9l\u00e9phone : <span draggable=\"true\"><a href=\"tel:+15122733906\" target=\"_blank\" rel=\"noopener noreferrer\">+1 (512) 273-3906<\/a><\/span><br aria-hidden=\"true\" \/>Site internet : <span draggable=\"true\"><a href=\"http:\/\/www.wpengine.com\/\" target=\"_blank\" rel=\"noopener noreferrer\">http:\/\/www.wpengine.com\/<\/a><\/span><\/p>\n              <\/div>\n            \n                    <\/div>\n      <\/div>\n  <\/div>\n<\/div>\n\n\n<div id=\"block_c650f720c4a49f073c799a46ebe468d8\" class=\"block-textminor\">\n    <div class=\"row\">\n              <div class=\"col-lg-10 col-12\">\n        <div class=\"block-textminor-main\">\n                          <h2 class=\"block-textminor-title h3\">\n                  Copyright              <\/h2>\n                                      <div class=\"block-textminor-text\">\n                  <p>Aucune licence, ni aucun autre droit que celui de consulter le site n\u2019est conf\u00e9r\u00e9 \u00e0 quiconque au regard des droits de propri\u00e9t\u00e9 intellectuelle. La reproduction des documents du site est autoris\u00e9e aux fins exclusives d\u2019information pour un usage personnel et priv\u00e9 ; toute reproduction ou utilisation de copies r\u00e9alis\u00e9es \u00e0 d\u2019autres fins est express\u00e9ment interdite.<\/p>\n              <\/div>\n            \n                    <\/div>\n      <\/div>\n  <\/div>\n<\/div>\n\n\n<div id=\"block_5008d858551f29b43c08424a99c6aee2\" class=\"block-textminor\">\n    <div class=\"row\">\n              <div class=\"col-lg-10 col-12\">\n        <div class=\"block-textminor-main\">\n                          <h2 class=\"block-textminor-title h3\">\n                  D\u00e9charge de responsabilit\u00e9              <\/h2>\n                                      <div class=\"block-textminor-text\">\n                  <p>Altavia ne garantit pas le fait que le serveur accueillant le site soit exempt de virus ou qu\u2019il ne puisse pas survenir un probl\u00e8me technique qui pourrait endommager les composants de l\u2019ordinateur de l\u2019utilisateur ou des donn\u00e9es qui pourraient y \u00eatre stock\u00e9es. En tout \u00e9tat de cause Altavia, ou un de ses sous-traitants, ne pourra \u00eatre responsable d\u2019un dommage quelconque pouvant se produire lors de la connexion sur le site.<\/p>\n              <\/div>\n            \n                    <\/div>\n      <\/div>\n  <\/div>\n<\/div>\n\n\n<div id=\"block_12fbd6dd66fa2d0e5a4117162eed6ca7\" class=\"block-textminor\">\n    <div class=\"row\">\n              <div class=\"col-lg-10 col-12\">\n        <div class=\"block-textminor-main\">\n                          <h2 class=\"block-textminor-title h3\">\n                  Informatique et libert\u00e9              <\/h2>\n                                      <div class=\"block-textminor-text\">\n                  <p>En application des articles 38 \u00e0 40 de la loi n\u00b0 78-17 du 6 janvier 1978 modifi\u00e9e, relative \u00e0 l\u2019informatique, aux fichiers et aux libert\u00e9s et du R\u00e8glement (UE) n\u00b02016\/79 du Parlement europ\u00e9en et du Conseil du 27 avril 2016 dit R\u00e8glement G\u00e9n\u00e9ral sur la Protection des Donn\u00e9es (RGPD), vous disposez d\u2019un droit d\u2019acc\u00e8s, de rectification, de modification et de suppression des donn\u00e9es qui vous concernent.<\/p>\n<p>Pour exercer ce droit, contactez-nous :<\/p>\n<ul>\n<li>data@altavia-group.com<\/li>\n<li>Altavia -Identit\u00e9 &amp; Communication<\/li>\n<li>10, rue Blanqui, 93400 Saint-Ouen<\/li>\n<\/ul>\n<p>Dans le cadre de l\u2019utilisation du site, ALTAVIA SA collecte des donn\u00e9es de l\u2019utilisateur \u00e0 caract\u00e8re personnel, tel que d\u00e9fini par le r\u00e8glement europ\u00e9en du 27 avril 2016 (r\u00e8glement UE 2016\/679).<\/p>\n<p>Afin d\u2019obtenir plus d\u2019informations sur les pratiques d\u2019ALTAVIA SA concernant la collecte, l\u2019utilisation, communication, la s\u00e9curit\u00e9 et confidentialit\u00e9 des donn\u00e9es personnelles ainsi que sur les droits des utilisateurs, ces derniers peuvent consulter la \u00ab Politique de gestion des donn\u00e9es personnelles \u00bb et \u00ab la Politique d\u2019utilisation des cookies \u00bb<\/p>\n              <\/div>\n            \n                    <\/div>\n      <\/div>\n  <\/div>\n<\/div>\n\n\n<div id=\"block_f465e917f1ed826a13f99f20ed702136\" class=\"block-textminor\">\n    <div class=\"row\">\n              <div class=\"col-lg-10 col-12\">\n        <div class=\"block-textminor-main\">\n                          <h2 class=\"block-textminor-title h3\">\n                  Droit applicable et juridiction              <\/h2>\n                                      <div class=\"block-textminor-text\">\n                  <p>Les pr\u00e9sentes mentions sont r\u00e9gies par le Droit fran\u00e7ais. Les juridictions fran\u00e7aises sont territorialement et exclusivement comp\u00e9tentes pour conna\u00eetre tout litige relatif \u00e0 l\u2019existence, l\u2019interpr\u00e9tation, l\u2019ex\u00e9cution ou rupture des mentions l\u00e9gales, et plus globalement \u00e0 tout litige aff\u00e9rent \u00e0 l\u2019utilisation du Site.<\/p>\n              <\/div>\n            \n                    <\/div>\n      <\/div>\n  <\/div>\n<\/div>\n<\/div>\n","protected":false},"excerpt":{"rendered":"","protected":false},"author":10,"featured_media":0,"parent":0,"menu_order":0,"comment_status":"closed","ping_status":"closed","template":"","meta":{"_acf_changed":true,"color_menu":"","footer_color_background":"","featured_image_url":"","footnotes":""},"class_list":["post-3692","page","type-page","status-publish","hentry"],"acf":[],"yoast_head":"<!-- This site is optimized with the Yoast SEO plugin v27.4 - https:\/\/yoast.com\/product\/yoast-seo-wordpress\/ -->\n<title>Mentions l\u00e9gales - Altavia - Altavia<\/title>\n<meta name=\"description\" content=\"Marketing agency - Digital marketing\" \/>\n<meta name=\"robots\" content=\"index, follow, max-snippet:-1, max-image-preview:large, max-video-preview:-1\" \/>\n<meta property=\"og:locale\" content=\"fr_FR\" \/>\n<meta property=\"og:type\" content=\"article\" \/>\n<meta property=\"og:title\" content=\"Mentions l\u00e9gales - Altavia - Altavia\" \/>\n<meta property=\"og:description\" content=\"Marketing agency - Digital marketing\" \/>\n<meta property=\"og:url\" content=\"https:\/\/altavia-group.com\/fr\/mentions-legales\/\" \/>\n<meta property=\"og:site_name\" content=\"Altavia\" \/>\n<meta property=\"article:modified_time\" content=\"2026-03-19T13:34:09+00:00\" \/>\n<meta property=\"og:image\" content=\"https:\/\/altavia-group.com\/wp-content\/uploads\/2026\/03\/Visual_Browser.png\" \/>\n\t<meta property=\"og:image:width\" content=\"1668\" \/>\n\t<meta property=\"og:image:height\" content=\"936\" \/>\n\t<meta property=\"og:image:type\" content=\"image\/png\" \/>\n<meta name=\"twitter:card\" content=\"summary_large_image\" \/>\n<script type=\"application\/ld+json\" class=\"yoast-schema-graph\">{\"@context\":\"https:\\\/\\\/schema.org\",\"@graph\":[{\"@type\":\"WebPage\",\"@id\":\"https:\\\/\\\/altavia-group.com\\\/fr\\\/mentions-legales\\\/\",\"url\":\"https:\\\/\\\/altavia-group.com\\\/fr\\\/mentions-legales\\\/\",\"name\":\"Mentions l\u00e9gales - Altavia - Altavia\",\"isPartOf\":{\"@id\":\"http:\\\/\\\/altavia-group.com\\\/fr\\\/#website\"},\"datePublished\":\"2014-06-06T07:50:57+00:00\",\"dateModified\":\"2026-03-19T13:34:09+00:00\",\"description\":\"Marketing agency - Digital marketing\",\"breadcrumb\":{\"@id\":\"https:\\\/\\\/altavia-group.com\\\/fr\\\/mentions-legales\\\/#breadcrumb\"},\"inLanguage\":\"fr-FR\",\"potentialAction\":[{\"@type\":\"ReadAction\",\"target\":[\"https:\\\/\\\/altavia-group.com\\\/fr\\\/mentions-legales\\\/\"]}]},{\"@type\":\"BreadcrumbList\",\"@id\":\"https:\\\/\\\/altavia-group.com\\\/fr\\\/mentions-legales\\\/#breadcrumb\",\"itemListElement\":[{\"@type\":\"ListItem\",\"position\":1,\"name\":\"Home\",\"item\":\"https:\\\/\\\/altavia-group.com\\\/fr\\\/\"},{\"@type\":\"ListItem\",\"position\":2,\"name\":\"Mentions l\u00e9gales\"}]},{\"@type\":\"WebSite\",\"@id\":\"http:\\\/\\\/altavia-group.com\\\/fr\\\/#website\",\"url\":\"http:\\\/\\\/altavia-group.com\\\/fr\\\/\",\"name\":\"Altavia\",\"description\":\"Let\u2019s unlock our imagination.\",\"publisher\":{\"@id\":\"http:\\\/\\\/altavia-group.com\\\/fr\\\/#organization\"},\"potentialAction\":[{\"@type\":\"SearchAction\",\"target\":{\"@type\":\"EntryPoint\",\"urlTemplate\":\"http:\\\/\\\/altavia-group.com\\\/fr\\\/?s={search_term_string}\"},\"query-input\":{\"@type\":\"PropertyValueSpecification\",\"valueRequired\":true,\"valueName\":\"search_term_string\"}}],\"inLanguage\":\"fr-FR\"},{\"@type\":\"Organization\",\"@id\":\"http:\\\/\\\/altavia-group.com\\\/fr\\\/#organization\",\"name\":\"Altavia\",\"url\":\"http:\\\/\\\/altavia-group.com\\\/fr\\\/\",\"logo\":{\"@type\":\"ImageObject\",\"inLanguage\":\"fr-FR\",\"@id\":\"http:\\\/\\\/altavia-group.com\\\/fr\\\/#\\\/schema\\\/logo\\\/image\\\/\",\"url\":\"http:\\\/\\\/altavia-group.com\\\/wp-content\\\/uploads\\\/2024\\\/12\\\/cropped-favicon-altavia.png\",\"contentUrl\":\"http:\\\/\\\/altavia-group.com\\\/wp-content\\\/uploads\\\/2024\\\/12\\\/cropped-favicon-altavia.png\",\"width\":512,\"height\":512,\"caption\":\"Altavia\"},\"image\":{\"@id\":\"http:\\\/\\\/altavia-group.com\\\/fr\\\/#\\\/schema\\\/logo\\\/image\\\/\"}}]}<\/script>\n<!-- \/ Yoast SEO plugin. -->","yoast_head_json":{"title":"Mentions l\u00e9gales - Altavia - Altavia","description":"Marketing agency - Digital marketing","robots":{"index":"index","follow":"follow","max-snippet":"max-snippet:-1","max-image-preview":"max-image-preview:large","max-video-preview":"max-video-preview:-1"},"og_locale":"fr_FR","og_type":"article","og_title":"Mentions l\u00e9gales - Altavia - Altavia","og_description":"Marketing agency - Digital marketing","og_url":"https:\/\/altavia-group.com\/fr\/mentions-legales\/","og_site_name":"Altavia","article_modified_time":"2026-03-19T13:34:09+00:00","og_image":[{"width":1668,"height":936,"url":"https:\/\/altavia-group.com\/wp-content\/uploads\/2026\/03\/Visual_Browser.png","type":"image\/png"}],"twitter_card":"summary_large_image","schema":{"@context":"https:\/\/schema.org","@graph":[{"@type":"WebPage","@id":"https:\/\/altavia-group.com\/fr\/mentions-legales\/","url":"https:\/\/altavia-group.com\/fr\/mentions-legales\/","name":"Mentions l\u00e9gales - Altavia - Altavia","isPartOf":{"@id":"http:\/\/altavia-group.com\/fr\/#website"},"datePublished":"2014-06-06T07:50:57+00:00","dateModified":"2026-03-19T13:34:09+00:00","description":"Marketing agency - Digital marketing","breadcrumb":{"@id":"https:\/\/altavia-group.com\/fr\/mentions-legales\/#breadcrumb"},"inLanguage":"fr-FR","potentialAction":[{"@type":"ReadAction","target":["https:\/\/altavia-group.com\/fr\/mentions-legales\/"]}]},{"@type":"BreadcrumbList","@id":"https:\/\/altavia-group.com\/fr\/mentions-legales\/#breadcrumb","itemListElement":[{"@type":"ListItem","position":1,"name":"Home","item":"https:\/\/altavia-group.com\/fr\/"},{"@type":"ListItem","position":2,"name":"Mentions l\u00e9gales"}]},{"@type":"WebSite","@id":"http:\/\/altavia-group.com\/fr\/#website","url":"http:\/\/altavia-group.com\/fr\/","name":"Altavia","description":"Let\u2019s unlock our imagination.","publisher":{"@id":"http:\/\/altavia-group.com\/fr\/#organization"},"potentialAction":[{"@type":"SearchAction","target":{"@type":"EntryPoint","urlTemplate":"http:\/\/altavia-group.com\/fr\/?s={search_term_string}"},"query-input":{"@type":"PropertyValueSpecification","valueRequired":true,"valueName":"search_term_string"}}],"inLanguage":"fr-FR"},{"@type":"Organization","@id":"http:\/\/altavia-group.com\/fr\/#organization","name":"Altavia","url":"http:\/\/altavia-group.com\/fr\/","logo":{"@type":"ImageObject","inLanguage":"fr-FR","@id":"http:\/\/altavia-group.com\/fr\/#\/schema\/logo\/image\/","url":"http:\/\/altavia-group.com\/wp-content\/uploads\/2024\/12\/cropped-favicon-altavia.png","contentUrl":"http:\/\/altavia-group.com\/wp-content\/uploads\/2024\/12\/cropped-favicon-altavia.png","width":512,"height":512,"caption":"Altavia"},"image":{"@id":"http:\/\/altavia-group.com\/fr\/#\/schema\/logo\/image\/"}}]}},"_links":{"self":[{"href":"https:\/\/altavia-group.com\/fr\/wp-json\/wp\/v2\/pages\/3692","targetHints":{"allow":["GET"]}}],"collection":[{"href":"https:\/\/altavia-group.com\/fr\/wp-json\/wp\/v2\/pages"}],"about":[{"href":"https:\/\/altavia-group.com\/fr\/wp-json\/wp\/v2\/types\/page"}],"author":[{"embeddable":true,"href":"https:\/\/altavia-group.com\/fr\/wp-json\/wp\/v2\/users\/10"}],"replies":[{"embeddable":true,"href":"https:\/\/altavia-group.com\/fr\/wp-json\/wp\/v2\/comments?post=3692"}],"version-history":[{"count":0,"href":"https:\/\/altavia-group.com\/fr\/wp-json\/wp\/v2\/pages\/3692\/revisions"}],"wp:attachment":[{"href":"https:\/\/altavia-group.com\/fr\/wp-json\/wp\/v2\/media?parent=3692"}],"curies":[{"name":"wp","href":"https:\/\/api.w.org\/{rel}","templated":true}]}}