{"id":3694,"date":"2022-07-19T11:55:50","date_gmt":"2022-07-19T10:55:50","guid":{"rendered":"https:\/\/altavia-group.com\/privacy-policy\/"},"modified":"2026-03-12T10:41:18","modified_gmt":"2026-03-12T09:41:18","slug":"politique-de-confidentialite","status":"publish","type":"page","link":"https:\/\/altavia-group.com\/fr\/politique-de-confidentialite\/","title":{"rendered":"Politique de confidentialit\u00e9"},"content":{"rendered":"\n<div class=\"wp-block-group has-custom-position has-custom-spacing has-global-padding is-layout-constrained wp-block-group-is-layout-constrained\" style=\"--margin-top-desktop:10rem;--margin-right-desktop:8%;--margin-bottom-desktop:10rem;--margin-left-desktop:8%;--margin-top-tablet:5rem;--margin-right-tablet:auto;--margin-bottom-tablet:5rem;--margin-left-tablet:auto;--margin-top-mobile:5rem;--margin-right-mobile:auto;--margin-bottom-mobile:5rem;--margin-left-mobile:auto;--position-desktop:relative;--position-tablet:relative;--position-mobile:relative;--overflow-desktop:visible;--overflow-tablet:visible;--overflow-mobile:visible\" id=\"block-69e80da633637\"><div id=\"block_382a3aa235e4327de4de829def3b752a\" class=\"block-textminor\">\n    <div class=\"row\">\n              <div class=\"col-lg-10 col-12\">\n        <div class=\"block-textminor-main\">\n                                      <div class=\"block-textminor-text\">\n                  <p>La soci\u00e9t\u00e9 Altavia (ci-apr\u00e8s \u00ab Altavia \u00bb) est tr\u00e8s attach\u00e9e \u00e0 la question de la gestion des Donn\u00e9es personnelles qu\u2019elle peut \u00eatre amen\u00e9e \u00e0 traiter.<\/p>\n<p>Les pr\u00e9sentes conditions ont vocation \u00e0 d\u00e9terminer les lignes directrices qui encadrent le traitement des Donn\u00e9es personnelles par Altavia.<\/p>\n<p>Cette politique s\u2019applique aux traitements de Donn\u00e9es mis en \u0153uvre par Altavia en tant que Responsable de traitement.<\/p>\n<p>La pr\u00e9sente politique de protection des donn\u00e9es personnelles peut \u00eatre modifi\u00e9e \u00e0 tout moment. Dans ce cas, la nouvelle version sera communiqu\u00e9e aux Personnes concern\u00e9es par tout moyen et leur sera automatiquement opposable.<\/p>\n              <\/div>\n            \n                    <\/div>\n      <\/div>\n  <\/div>\n<\/div>\n\n\n<div id=\"block_2d0e5ff861305f9550bc313a2d53a3a6\" class=\"block-textminor\">\n    <div class=\"row\">\n              <div class=\"col-lg-10 col-12\">\n        <div class=\"block-textminor-main\">\n                          <h2 class=\"block-textminor-title h3\">\n                  D\u00e9finitions              <\/h2>\n                                      <div class=\"block-textminor-text\">\n                  <p>Donn\u00e9es personnelles ou Donn\u00e9es : Toute information se rapportant \u00e0 une personne physique identifi\u00e9e ou identifiable (ci-apr\u00e8s d\u00e9nomm\u00e9e \u00ab\u00a0Personne concern\u00e9e\u00bb) de fa\u00e7on directe ou indirecte, notamment par r\u00e9f\u00e9rence \u00e0 un identifiant, tel qu\u2019un nom, un num\u00e9ro d\u2019identification, des donn\u00e9es de localisation, un identifiant en ligne, ou \u00e0 un ou plusieurs \u00e9l\u00e9ments sp\u00e9cifiques propres \u00e0 son identit\u00e9 physique, physiologique, g\u00e9n\u00e9tique, psychique, \u00e9conomique, culturelle ou sociale.<\/p>\n<p>Responsable de traitement\u00a0: La personne physique ou morale qui d\u00e9termine les finalit\u00e9s et les moyens du traitement.<\/p>\n<p>Sous-traitant\u00a0: La personne physique ou morale, qui traite des donn\u00e9es \u00e0 caract\u00e8re personnel pour le compte du responsable du traitement.<\/p>\n<p>Destinataire\u00a0: La personne physique ou morale qui re\u00e7oit communication de donn\u00e9es \u00e0 caract\u00e8re personnel, qu\u2019il s\u2019agisse ou non d\u2019un tiers.<\/p>\n<p>Tiers\u00a0: une personne physique ou morale, une autorit\u00e9 publique, un service ou un organisme autre que la personne concern\u00e9e, le responsable du traitement, le sous-traitant et les personnes qui, plac\u00e9es sous l\u2019autorit\u00e9 directe du responsable du traitement ou du sous-traitant, sont autoris\u00e9es \u00e0 traiter les donn\u00e9es \u00e0 caract\u00e8re personnel.<\/p>\n<p>Consentement\u00a0:\u00a0 toute manifestation de volont\u00e9, libre, sp\u00e9cifique, \u00e9clair\u00e9e et univoque par laquelle la personne concern\u00e9e par le traitement de donn\u00e9es personnelles accepte, par une d\u00e9claration ou par un acte positif clair, que des donn\u00e9es \u00e0 caract\u00e8re personnel la concernant fassent l\u2019objet d\u2019un traitement.<\/p>\n              <\/div>\n            \n                    <\/div>\n      <\/div>\n  <\/div>\n<\/div>\n\n\n<div id=\"block_64da9c276ab9a210d4a354c814f2358a\" class=\"block-textminor\">\n    <div class=\"row\">\n              <div class=\"col-lg-10 col-12\">\n        <div class=\"block-textminor-main\">\n                          <h2 class=\"block-textminor-title h3\">\n                  Les donn\u00e9es collect\u00e9es              <\/h2>\n                                      <div class=\"block-textminor-text\">\n                  <p>La pr\u00e9sente politique de protection des donn\u00e9es personnelles s\u2019applique \u00e0 l\u2019ensemble des donn\u00e9es personnelles trait\u00e9es par Altavia en tant que responsable du traitement. Il peut s\u2019agir des donn\u00e9es concernant leurs salari\u00e9s, les prestataires, les prospects, les clients \u2026<\/p>\n<p>Altavia est susceptible de collecter des donn\u00e9es telles que : pr\u00e9nom et nom de famille ; adresse de courrier \u00e9lectronique ; sexe ; num\u00e9ro de t\u00e9l\u00e9phone ; adresse postale ; \u00e2ge\/date de naissance ; donn\u00e9es de facturation\u00a0; prospection\u00a0; donn\u00e9es de connexion\u2026<\/p>\n              <\/div>\n            \n                    <\/div>\n      <\/div>\n  <\/div>\n<\/div>\n\n\n<div id=\"block_2a701705061cf17861e7aed7f5509f68\" class=\"block-textminor\">\n    <div class=\"row\">\n              <div class=\"col-lg-10 col-12\">\n        <div class=\"block-textminor-main\">\n                          <h2 class=\"block-textminor-title h3\">\n                  Les principes directeurs              <\/h2>\n                                      <div class=\"block-textminor-text\">\n                  <p>Les Donn\u00e9es Personnelles sont trait\u00e9es par Altavia en suivant les principes de lic\u00e9it\u00e9, loyaut\u00e9, transparence, proportionnalit\u00e9.<\/p>\n<p>Les Donn\u00e9es Personnelles sont collect\u00e9es pour des finalit\u00e9s d\u00e9termin\u00e9es, explicites et l\u00e9gitimes, et trait\u00e9es de fa\u00e7on ad\u00e9quate, pertinente et limit\u00e9e \u00e0 ce qui est n\u00e9cessaire au regard des finalit\u00e9s pour lesquelles elles sont utilis\u00e9es.<\/p>\n<p>Les Donn\u00e9es Personnelles sont conserv\u00e9es sous une forme permettant l\u2019identification des personnes concern\u00e9es pendant une dur\u00e9e n\u2019exc\u00e9dant pas celle n\u00e9cessaire au regard des finalit\u00e9s pour lesquelles elles sont trait\u00e9es.<\/p>\n              <\/div>\n            \n                    <\/div>\n      <\/div>\n  <\/div>\n<\/div>\n\n\n<div id=\"block_c3d3ee647d515adae4aa9150f76a6a5b\" class=\"block-textminor\">\n    <div class=\"row\">\n              <div class=\"col-lg-10 col-12\">\n        <div class=\"block-textminor-main\">\n                          <h2 class=\"block-textminor-title h3\">\n                  Information des personnes concern\u00e9es              <\/h2>\n                                      <div class=\"block-textminor-text\">\n                  <p>Lorsque des Donn\u00e9es Personnelles relatives \u00e0 une Personne concern\u00e9e sont collect\u00e9es aupr\u00e8s de cette personne ou aupr\u00e8s d\u2019un tiers, le Responsable du traitement lui fournit notamment les informations suivantes :<\/p>\n<ul>\n<li>l\u2019identit\u00e9 et les coordonn\u00e9es du Responsable du traitement.<\/li>\n<li>les finalit\u00e9s du traitement auquel sont destin\u00e9es les Donn\u00e9es ainsi que la base juridique du traitement.<\/li>\n<li>les destinataires des Donn\u00e9es.<\/li>\n<li>l\u2019intention \u00e9ventuelle du Responsable du traitement d\u2019effectuer un transfert de Donn\u00e9es vers un pays ext\u00e9rieurs \u00e0 l\u2019UE.<\/li>\n<li>la dur\u00e9e de conservation des Donn\u00e9es ou, lorsque ce n\u2019est pas possible, les crit\u00e8res utilis\u00e9s pour d\u00e9terminer cette dur\u00e9e.<\/li>\n<li>le cas \u00e9ch\u00e9ant, la mise en place d\u2019un m\u00e9canisme de profilage ou de traitement massif de donn\u00e9es personnalis\u00e9es<\/li>\n<li>le cas \u00e9ch\u00e9ant, la source d\u2019o\u00f9 proviennent les Donn\u00e9es<\/li>\n<\/ul>\n<p>Dans la mesure du possible et sous r\u00e9serve d\u2019autres obligations l\u00e9gales ou contractuelles, ces informations seront communiqu\u00e9es au moment de la collecte ou au moment de la premi\u00e8re communication avec la Personne concern\u00e9e.<\/p>\n              <\/div>\n            \n                    <\/div>\n      <\/div>\n  <\/div>\n<\/div>\n\n\n<div id=\"block_589ffdec5d54bb884ce6fdc21d0ec482\" class=\"block-textminor\">\n    <div class=\"row\">\n              <div class=\"col-lg-10 col-12\">\n        <div class=\"block-textminor-main\">\n                          <h2 class=\"block-textminor-title h3\">\n                  Les droits des personnes concern\u00e9es              <\/h2>\n                                      <div class=\"block-textminor-text\">\n                  <p>Les Personnes concern\u00e9es pourront faire valoir leur droit de demander l\u2019acc\u00e8s aux Donn\u00e9es, la rectification ou l\u2019effacement des Donn\u00e9es, la portabilit\u00e9 des Donn\u00e9es \u00e0 un Tiers, la limitation du traitement ainsi que de s\u2019opposer au Traitement en en faisant la demande par courrier \u00e9lectronique \u00e0 l\u2019adresse suivante : data@altavia-group.com<\/p>\n<p>Toute demande doit \u00eatre claire, pr\u00e9cise et justifi\u00e9e et accompagn\u00e9e d\u2019une copie d\u2019une pi\u00e8ce d\u2019identit\u00e9 et r\u00e9alis\u00e9e conform\u00e9ment au cadre l\u00e9gal applicable.<\/p>\n<p>Les Personnes concern\u00e9es pourront introduire une r\u00e9clamation aupr\u00e8s de la CNIL:<\/p>\n<p><!-- \/wp:paragraph --><!-- wp:list --><\/p>\n<ul class=\"wp-block-list\">\n<li style=\"list-style-type: none;\">\n<ul class=\"wp-block-list\" style=\"list-style-type: disc;\"><!-- wp:list-item --><\/p>\n<li>3 Place de Fontenoy \u2013 TSA 80715 \u2013 75334 PARIS CEDEX 07<\/li>\n<\/ul>\n<\/li>\n<\/ul>\n<p><!-- \/wp:list-item --> <!-- wp:list-item --><\/p>\n<ul class=\"wp-block-list\" style=\"list-style-type: disc;\">\n<li style=\"list-style-type: none;\">\n<ul class=\"wp-block-list\" style=\"list-style-type: disc;\">\n<li>Tel: 01 53 73 22 22 \/Fax: 01 53 73 22 00<\/li>\n<\/ul>\n<\/li>\n<\/ul>\n<p><!-- \/wp:list-item --><\/p>\n<p>Ou \u00e0 l\u2019adresse\u00a0<a href=\"https:\/\/www.cnil.fr\/fr\/plaintes\">www.cnil.fr\/fr\/plaintes<\/a>\u00a0ou www.cnil.fr<\/p>\n<p>La Personne concern\u00e9e est inform\u00e9e qu\u2019en cas d\u2019opposition au Traitement ou si elle transmet des Donn\u00e9es erron\u00e9es ou fantaisistes, les services li\u00e9s \u00e0 la collecte des Donn\u00e9es ne pourront pas \u00eatre rendus, le Responsable du traitement ne pouvant en aucun cas engager sa responsabilit\u00e9 \u00e0 ce titre.<\/p>\n<p>Par ailleurs la collecte de certaines Donn\u00e9es peut \u00eatre impos\u00e9e pour une raison r\u00e9glementaire ou contractuelle. La personne concern\u00e9e est ainsi tenue de fournir les Donn\u00e9es Personnelles sollicit\u00e9es.<\/p>\n              <\/div>\n            \n                    <\/div>\n      <\/div>\n  <\/div>\n<\/div>\n\n\n<div id=\"block_a36dc1ec1e25d61ac47687dd5480855b\" class=\"block-textminor\">\n    <div class=\"row\">\n              <div class=\"col-lg-10 col-12\">\n        <div class=\"block-textminor-main\">\n                          <h2 class=\"block-textminor-title h3\">\n                  Les destinataires des donn\u00e9es              <\/h2>\n                                      <div class=\"block-textminor-text\">\n                  <p>Les Donn\u00e9es collect\u00e9es seront trait\u00e9es par les salari\u00e9s des soci\u00e9t\u00e9s de Altavia qui sont habilit\u00e9s en fonction de leur poste \u00e0 avoir acc\u00e8s et \u00e0 traiter lesdites Donn\u00e9es.<\/p>\n<p>Dans certains cas, les donn\u00e9es collect\u00e9es pourront \u00eatre trait\u00e9es par des sous-traitants ou partenaires, ou par d\u2019autres filiales de la soci\u00e9t\u00e9 ALTAVIA S.A., et ce uniquement dans la limite n\u00e9cessaire \u00e0 l\u2019accomplissement des t\u00e2ches qui leurs sont confi\u00e9es.<\/p>\n<p>Altavia exige de mani\u00e8re stricte que ses sous-traitants ou partenaires traitent les Donn\u00e9es personnelles uniquement pour g\u00e9rer les services qui sont \u00e0 leur charge. Altavia demande \u00e9galement \u00e0 ces prestataires ou partenaires de toujours agir en conformit\u00e9 avec les lois applicables en mati\u00e8re de protection de donn\u00e9es personnelles et d\u2019accorder une attention particuli\u00e8re \u00e0 la confidentialit\u00e9 de ces donn\u00e9es.<\/p>\n<p>Les donn\u00e9es pourront \u00eatre communiqu\u00e9es par Altavia \u00e0 l\u2019administration, aux juridictions, aux services de l\u2019Etat dans le respect des dispositions l\u00e9gales et r\u00e9glementaires.<\/p>\n<p>&nbsp;<\/p>\n              <\/div>\n            \n                    <\/div>\n      <\/div>\n  <\/div>\n<\/div>\n\n\n<div id=\"block_f7c5c911f86e30cdf836f7ed6eea4389\" class=\"block-textminor\">\n    <div class=\"row\">\n              <div class=\"col-lg-10 col-12\">\n        <div class=\"block-textminor-main\">\n                          <h2 class=\"block-textminor-title h3\">\n                  Le stockage des donn\u00e9es              <\/h2>\n                                      <div class=\"block-textminor-text\">\n                  <p>Les Donn\u00e9es personnelles sont stock\u00e9es soit dans les bases de donn\u00e9es de Altavia soit dans celles de ses prestataires de services.<\/p>\n<p>Dans certains cas, et principalement pour des raisons techniques, ces bases de donn\u00e9es peuvent \u00eatre stock\u00e9es sur des serveurs situ\u00e9s en dehors du territoire de l\u2019Union europ\u00e9enne.<\/p>\n              <\/div>\n            \n                    <\/div>\n      <\/div>\n  <\/div>\n<\/div>\n\n\n<div id=\"block_28e932ffa0be4847d8931bb348d8ab67\" class=\"block-textminor\">\n    <div class=\"row\">\n              <div class=\"col-lg-10 col-12\">\n        <div class=\"block-textminor-main\">\n                          <h2 class=\"block-textminor-title h3\">\n                  La s\u00e9curisation des donn\u00e9es              <\/h2>\n                                      <div class=\"block-textminor-text\">\n                  <p>Les Donn\u00e9es Personnelles sont trait\u00e9es de fa\u00e7on \u00e0 garantir une s\u00e9curit\u00e9 appropri\u00e9e \u00e0 l\u2019aide de mesures physiques, techniques ou organisationnelles pertinente au regard des r\u00e8gles de l\u2019art en la mati\u00e8re, y compris la protection contre le traitement non autoris\u00e9 ou illicite et contre la perte, la destruction ou les d\u00e9g\u00e2ts d\u2019origine accidentelle.<\/p>\n<p>Selon les besoins, les risques, les co\u00fbts et la finalit\u00e9 de Traitement ces mesures peuvent inclure la pseudonymisation et le chiffrement des Donn\u00e9es.<\/p>\n<p>Chaque Responsable de Traitement met en place une proc\u00e9dure visant \u00e0 tester, \u00e0 analyser et \u00e0 \u00e9valuer r\u00e9guli\u00e8rement l\u2019efficacit\u00e9 des mesures techniques et organisationnelles pour assurer la s\u00e9curit\u00e9 du traitement.<\/p>\n<p>En cas de violation des Donn\u00e9es personnelles, chaque Responsable du traitement fera ses meilleurs efforts pour adresser une notification \u00e0 la CNIL dans les meilleurs d\u00e9lais et, si possible, 72 heures au plus tard apr\u00e8s en avoir pris connaissance.<\/p>\n<p>Si cette violation des Donn\u00e9es personnelles est susceptible d\u2019engendrer un risque \u00e9lev\u00e9 pour les droits et libert\u00e9s des Personnes concern\u00e9es, le Responsable du traitement les en informera par tout moyen dans les meilleurs d\u00e9lais \u00e0 moins que le Responsable de Traitement ait pris des mesures techniques de protection suffisante pour faire cesser cette violation.<\/p>\n              <\/div>\n            \n                    <\/div>\n      <\/div>\n  <\/div>\n<\/div>\n\n\n<div id=\"block_7206a61bf1f3f9005c348143124a8257\" class=\"block-textminor\">\n    <div class=\"row\">\n              <div class=\"col-lg-10 col-12\">\n        <div class=\"block-textminor-main\">\n                          <h2 class=\"block-textminor-title h3\">\n                  Transf\u00e8re des donn\u00e9es en dehors de l&rsquo;espace \u00e9conomique europ\u00e9en              <\/h2>\n                                      <div class=\"block-textminor-text\">\n                  <p>En raison notamment de la dimension internationale des activit\u00e9s de Altavia et afin d\u2019optimiser la qualit\u00e9 de service, les communications d\u2019information vis\u00e9es ci-dessus sont susceptibles d\u2019impliquer des transferts de donn\u00e9es \u00e0 caract\u00e8re personnel vers des pays non-membres de l\u2019Espace \u00c9conomique Europ\u00e9en, dont les l\u00e9gislations en mati\u00e8re de protection des donn\u00e9es \u00e0 caract\u00e8re personnel diff\u00e8rent de celles de l\u2019Union Europ\u00e9enne.<\/p>\n<p>Dans ce cas, des mesures contractuelles, organisationnelles, proc\u00e9durales relatives aux personnels ou aux soci\u00e9t\u00e9s concern\u00e9es permettent de garantir un niveau ad\u00e9quat de protection, de s\u00e9curit\u00e9 et de confidentialit\u00e9 des Donn\u00e9es personnelles.<\/p>\n<p>En cas de Transfert dans un pays dont la l\u00e9gislation n\u2019a pas \u00e9t\u00e9 reconnue par la Commission europ\u00e9enne comme apportant un niveau de protection ad\u00e9quat au sens de la l\u00e9gislation applicable \u00e0 la Protection des Donn\u00e9es, Altavia s\u2019engage \u00e0 signer un contrat de transfert de donn\u00e9es qui inclut les Clauses Contractuelles Types de l\u2019UE telles qu\u2019elles figurent dans la D\u00e9cision 2010\/87\/UE de la Commission Europ\u00e9enne.<\/p>\n              <\/div>\n            \n                    <\/div>\n      <\/div>\n  <\/div>\n<\/div>\n<\/div>\n","protected":false},"excerpt":{"rendered":"","protected":false},"author":10,"featured_media":0,"parent":0,"menu_order":0,"comment_status":"closed","ping_status":"closed","template":"","meta":{"_acf_changed":true,"color_menu":"","footer_color_background":"","featured_image_url":"","footnotes":""},"class_list":["post-3694","page","type-page","status-publish","hentry"],"acf":[],"yoast_head":"<!-- This site is optimized with the Yoast SEO plugin v27.4 - https:\/\/yoast.com\/product\/yoast-seo-wordpress\/ -->\n<title>Politique de Confidentialit\u00e9 - Donn\u00e9es &amp; S\u00e9curit\u00e9 - Altavia<\/title>\n<meta name=\"description\" content=\"Altavia prot\u00e8ge vos donn\u00e9es personnelles avec transparence et conformit\u00e9, en accord avec le RGPD et les normes de s\u00e9curit\u00e9 actuelles.\" \/>\n<meta name=\"robots\" content=\"index, follow, max-snippet:-1, max-image-preview:large, max-video-preview:-1\" \/>\n<meta property=\"og:locale\" content=\"fr_FR\" \/>\n<meta property=\"og:type\" content=\"article\" \/>\n<meta property=\"og:title\" content=\"Politique de Confidentialit\u00e9 - Donn\u00e9es &amp; S\u00e9curit\u00e9 - Altavia\" \/>\n<meta property=\"og:description\" content=\"Altavia prot\u00e8ge vos donn\u00e9es personnelles avec transparence et conformit\u00e9, en accord avec le RGPD et les normes de s\u00e9curit\u00e9 actuelles.\" \/>\n<meta property=\"og:url\" content=\"https:\/\/altavia-group.com\/privacy-policy\/\" \/>\n<meta property=\"og:site_name\" content=\"Altavia\" \/>\n<meta property=\"article:modified_time\" content=\"2026-03-12T09:41:18+00:00\" \/>\n<meta property=\"og:image\" content=\"https:\/\/altavia-group.com\/wp-content\/uploads\/2026\/03\/Visual_Browser.png\" \/>\n\t<meta property=\"og:image:width\" content=\"1668\" \/>\n\t<meta property=\"og:image:height\" content=\"936\" \/>\n\t<meta property=\"og:image:type\" content=\"image\/png\" \/>\n<meta name=\"twitter:card\" content=\"summary_large_image\" \/>\n<script type=\"application\/ld+json\" class=\"yoast-schema-graph\">{\"@context\":\"https:\\\/\\\/schema.org\",\"@graph\":[{\"@type\":\"WebPage\",\"@id\":\"https:\\\/\\\/altavia-group.com\\\/privacy-policy\\\/\",\"url\":\"https:\\\/\\\/altavia-group.com\\\/privacy-policy\\\/\",\"name\":\"Politique de Confidentialit\u00e9 - Donn\u00e9es & S\u00e9curit\u00e9 - Altavia\",\"isPartOf\":{\"@id\":\"http:\\\/\\\/altavia-group.com\\\/fr\\\/#website\"},\"datePublished\":\"2022-07-19T10:55:50+00:00\",\"dateModified\":\"2026-03-12T09:41:18+00:00\",\"description\":\"Altavia prot\u00e8ge vos donn\u00e9es personnelles avec transparence et conformit\u00e9, en accord avec le RGPD et les normes de s\u00e9curit\u00e9 actuelles.\",\"breadcrumb\":{\"@id\":\"https:\\\/\\\/altavia-group.com\\\/privacy-policy\\\/#breadcrumb\"},\"inLanguage\":\"fr-FR\",\"potentialAction\":[{\"@type\":\"ReadAction\",\"target\":[\"https:\\\/\\\/altavia-group.com\\\/privacy-policy\\\/\"]}]},{\"@type\":\"BreadcrumbList\",\"@id\":\"https:\\\/\\\/altavia-group.com\\\/privacy-policy\\\/#breadcrumb\",\"itemListElement\":[{\"@type\":\"ListItem\",\"position\":1,\"name\":\"Home\",\"item\":\"https:\\\/\\\/altavia-group.com\\\/fr\\\/\"},{\"@type\":\"ListItem\",\"position\":2,\"name\":\"Politique de confidentialit\u00e9\"}]},{\"@type\":\"WebSite\",\"@id\":\"http:\\\/\\\/altavia-group.com\\\/fr\\\/#website\",\"url\":\"http:\\\/\\\/altavia-group.com\\\/fr\\\/\",\"name\":\"Altavia\",\"description\":\"Let\u2019s unlock our imagination.\",\"publisher\":{\"@id\":\"http:\\\/\\\/altavia-group.com\\\/fr\\\/#organization\"},\"potentialAction\":[{\"@type\":\"SearchAction\",\"target\":{\"@type\":\"EntryPoint\",\"urlTemplate\":\"http:\\\/\\\/altavia-group.com\\\/fr\\\/?s={search_term_string}\"},\"query-input\":{\"@type\":\"PropertyValueSpecification\",\"valueRequired\":true,\"valueName\":\"search_term_string\"}}],\"inLanguage\":\"fr-FR\"},{\"@type\":\"Organization\",\"@id\":\"http:\\\/\\\/altavia-group.com\\\/fr\\\/#organization\",\"name\":\"Altavia\",\"url\":\"http:\\\/\\\/altavia-group.com\\\/fr\\\/\",\"logo\":{\"@type\":\"ImageObject\",\"inLanguage\":\"fr-FR\",\"@id\":\"http:\\\/\\\/altavia-group.com\\\/fr\\\/#\\\/schema\\\/logo\\\/image\\\/\",\"url\":\"http:\\\/\\\/altavia-group.com\\\/wp-content\\\/uploads\\\/2024\\\/12\\\/cropped-favicon-altavia.png\",\"contentUrl\":\"http:\\\/\\\/altavia-group.com\\\/wp-content\\\/uploads\\\/2024\\\/12\\\/cropped-favicon-altavia.png\",\"width\":512,\"height\":512,\"caption\":\"Altavia\"},\"image\":{\"@id\":\"http:\\\/\\\/altavia-group.com\\\/fr\\\/#\\\/schema\\\/logo\\\/image\\\/\"}}]}<\/script>\n<!-- \/ Yoast SEO plugin. -->","yoast_head_json":{"title":"Politique de Confidentialit\u00e9 - Donn\u00e9es & S\u00e9curit\u00e9 - Altavia","description":"Altavia prot\u00e8ge vos donn\u00e9es personnelles avec transparence et conformit\u00e9, en accord avec le RGPD et les normes de s\u00e9curit\u00e9 actuelles.","robots":{"index":"index","follow":"follow","max-snippet":"max-snippet:-1","max-image-preview":"max-image-preview:large","max-video-preview":"max-video-preview:-1"},"og_locale":"fr_FR","og_type":"article","og_title":"Politique de Confidentialit\u00e9 - Donn\u00e9es & S\u00e9curit\u00e9 - Altavia","og_description":"Altavia prot\u00e8ge vos donn\u00e9es personnelles avec transparence et conformit\u00e9, en accord avec le RGPD et les normes de s\u00e9curit\u00e9 actuelles.","og_url":"https:\/\/altavia-group.com\/privacy-policy\/","og_site_name":"Altavia","article_modified_time":"2026-03-12T09:41:18+00:00","og_image":[{"width":1668,"height":936,"url":"https:\/\/altavia-group.com\/wp-content\/uploads\/2026\/03\/Visual_Browser.png","type":"image\/png"}],"twitter_card":"summary_large_image","schema":{"@context":"https:\/\/schema.org","@graph":[{"@type":"WebPage","@id":"https:\/\/altavia-group.com\/privacy-policy\/","url":"https:\/\/altavia-group.com\/privacy-policy\/","name":"Politique de Confidentialit\u00e9 - Donn\u00e9es & S\u00e9curit\u00e9 - Altavia","isPartOf":{"@id":"http:\/\/altavia-group.com\/fr\/#website"},"datePublished":"2022-07-19T10:55:50+00:00","dateModified":"2026-03-12T09:41:18+00:00","description":"Altavia prot\u00e8ge vos donn\u00e9es personnelles avec transparence et conformit\u00e9, en accord avec le RGPD et les normes de s\u00e9curit\u00e9 actuelles.","breadcrumb":{"@id":"https:\/\/altavia-group.com\/privacy-policy\/#breadcrumb"},"inLanguage":"fr-FR","potentialAction":[{"@type":"ReadAction","target":["https:\/\/altavia-group.com\/privacy-policy\/"]}]},{"@type":"BreadcrumbList","@id":"https:\/\/altavia-group.com\/privacy-policy\/#breadcrumb","itemListElement":[{"@type":"ListItem","position":1,"name":"Home","item":"https:\/\/altavia-group.com\/fr\/"},{"@type":"ListItem","position":2,"name":"Politique de confidentialit\u00e9"}]},{"@type":"WebSite","@id":"http:\/\/altavia-group.com\/fr\/#website","url":"http:\/\/altavia-group.com\/fr\/","name":"Altavia","description":"Let\u2019s unlock our imagination.","publisher":{"@id":"http:\/\/altavia-group.com\/fr\/#organization"},"potentialAction":[{"@type":"SearchAction","target":{"@type":"EntryPoint","urlTemplate":"http:\/\/altavia-group.com\/fr\/?s={search_term_string}"},"query-input":{"@type":"PropertyValueSpecification","valueRequired":true,"valueName":"search_term_string"}}],"inLanguage":"fr-FR"},{"@type":"Organization","@id":"http:\/\/altavia-group.com\/fr\/#organization","name":"Altavia","url":"http:\/\/altavia-group.com\/fr\/","logo":{"@type":"ImageObject","inLanguage":"fr-FR","@id":"http:\/\/altavia-group.com\/fr\/#\/schema\/logo\/image\/","url":"http:\/\/altavia-group.com\/wp-content\/uploads\/2024\/12\/cropped-favicon-altavia.png","contentUrl":"http:\/\/altavia-group.com\/wp-content\/uploads\/2024\/12\/cropped-favicon-altavia.png","width":512,"height":512,"caption":"Altavia"},"image":{"@id":"http:\/\/altavia-group.com\/fr\/#\/schema\/logo\/image\/"}}]}},"_links":{"self":[{"href":"https:\/\/altavia-group.com\/fr\/wp-json\/wp\/v2\/pages\/3694","targetHints":{"allow":["GET"]}}],"collection":[{"href":"https:\/\/altavia-group.com\/fr\/wp-json\/wp\/v2\/pages"}],"about":[{"href":"https:\/\/altavia-group.com\/fr\/wp-json\/wp\/v2\/types\/page"}],"author":[{"embeddable":true,"href":"https:\/\/altavia-group.com\/fr\/wp-json\/wp\/v2\/users\/10"}],"replies":[{"embeddable":true,"href":"https:\/\/altavia-group.com\/fr\/wp-json\/wp\/v2\/comments?post=3694"}],"version-history":[{"count":0,"href":"https:\/\/altavia-group.com\/fr\/wp-json\/wp\/v2\/pages\/3694\/revisions"}],"wp:attachment":[{"href":"https:\/\/altavia-group.com\/fr\/wp-json\/wp\/v2\/media?parent=3694"}],"curies":[{"name":"wp","href":"https:\/\/api.w.org\/{rel}","templated":true}]}}