{"id":3696,"date":"2014-06-13T11:28:51","date_gmt":"2014-06-13T10:28:51","guid":{"rendered":"https:\/\/altavia-group.com\/cookies\/"},"modified":"2026-03-12T13:37:33","modified_gmt":"2026-03-12T12:37:33","slug":"gestion-des-cookies","status":"publish","type":"page","link":"https:\/\/altavia-group.com\/fr\/gestion-des-cookies\/","title":{"rendered":"Gestion des cookies"},"content":{"rendered":"\n<div class=\"wp-block-group has-custom-position has-custom-spacing has-global-padding is-layout-constrained wp-block-group-is-layout-constrained\" style=\"--margin-top-desktop:10rem;--margin-right-desktop:8%;--margin-bottom-desktop:10rem;--margin-left-desktop:8%;--margin-top-tablet:5rem;--margin-right-tablet:auto;--margin-bottom-tablet:5rem;--margin-left-tablet:auto;--margin-top-mobile:5rem;--margin-right-mobile:auto;--margin-bottom-mobile:5rem;--margin-left-mobile:auto;--position-desktop:relative;--position-tablet:relative;--position-mobile:relative;--overflow-desktop:visible;--overflow-tablet:visible;--overflow-mobile:visible\" id=\"block-69e80e6c32f54\"><div id=\"block_8cb737a78a1456f52e2c61b25f16e501\" class=\"block-textminor\">\n    <div class=\"row\">\n              <div class=\"col-lg-10 col-12\">\n        <div class=\"block-textminor-main\">\n                                      <div class=\"block-textminor-text\">\n                  <p>Ce site Internet utilise des cookies qui nous aident \u00e0 vous offrir la meilleure exp\u00e9rience utilisateur possible lorsque vous acc\u00e9dez au site web Altavia.<\/p>\n              <\/div>\n            \n                    <\/div>\n      <\/div>\n  <\/div>\n<\/div>\n\n\n<div id=\"block_f314396e271ed160bae24f5c96d2ee42\" class=\"block-textminor\">\n    <div class=\"row\">\n              <div class=\"col-lg-10 col-12\">\n        <div class=\"block-textminor-main\">\n                          <h2 class=\"block-textminor-title h3\">\n                  Qu&rsquo;est-ce qu&rsquo;un cookie              <\/h2>\n                                      <div class=\"block-textminor-text\">\n                  <p class=\"p3\">Un cookie est un petit fichier texte qui demande la permission d\u2019\u00eatre plac\u00e9 sur le disque dur de votre ordinateur par les sites Internet que vous consultez. Ils sont largement utilis\u00e9s pour faire fonctionner plus efficacement les sites Internet. Sans certains de ces cookies, le site Internet ne pourrait pas fonctionner. D\u2019autres cookies ont pour fonction de vous reconna\u00eetre \u00e0 chaque fois que vous consultez le site ou d\u2019aider notre \u00e9quipe \u00e0 comprendre quelles parties du site vous trouvez les plus int\u00e9ressantes et utiles.<\/p>\n<p class=\"p3\">Un cookie ne nous donne en aucune fa\u00e7on acc\u00e8s \u00e0 votre ordinateur ou \u00e0 des renseignements personnels vous concernant autres que les donn\u00e9es que vous choisissez de partager avec nous.<\/p>\n<p class=\"p3\">Un cookie contient g\u00e9n\u00e9ralement une trace du site Internet qui l\u2019a \u00e9mis, son propre nom et une valeur qui est souvent un nombre unique g\u00e9n\u00e9r\u00e9 de fa\u00e7on al\u00e9atoire. Un cookie a une \u2018dur\u00e9e de vie\u2019 qui dit \u00e0 votre navigateur quand le supprimer.<\/p>\n              <\/div>\n            \n                    <\/div>\n      <\/div>\n  <\/div>\n<\/div>\n\n\n<div id=\"block_1ab316c7b7bcd493ad9c00542d4e6045\" class=\"block-textminor\">\n    <div class=\"row\">\n              <div class=\"col-lg-10 col-12\">\n        <div class=\"block-textminor-main\">\n                          <h2 class=\"block-textminor-title h3\">\n                  Votre choix              <\/h2>\n                                      <div class=\"block-textminor-text\">\n                  <p class=\"p2\">Vous pouvez choisir d\u2019accepter ou de refuser les cookies et m\u00eame de revoir votre acceptation des cookies \u00e0 tout moment en cliquant ci-apr\u00e8s sur.<\/p>\n<p><a class=\"js-change-cookie\" href=\"http:\/\/altavia-group.com\/fr\/politique-dutilisation-cookies\/#\">Modifier mes param\u00e8tres de cookie<\/a><\/p>\n<h4>Comment puis-je contr\u00f4ler mes pr\u00e9f\u00e9rences en mati\u00e8re de cookies ?<\/h4>\n<p>Vous pouvez g\u00e9rer vos pr\u00e9f\u00e9rences en mati\u00e8re de cookies en cliquant sur le bouton \u00bb Param\u00e8tres \u00bb et en activant ou d\u00e9sactivant les cat\u00e9gories de cookies sur le popup selon vos pr\u00e9f\u00e9rences.<\/p>\n<p>En outre, les diff\u00e9rents navigateurs offrent diff\u00e9rentes m\u00e9thodes pour bloquer et supprimer les cookies utilis\u00e9s par les sites web. Vous pouvez modifier les param\u00e8tres de votre navigateur pour bloquer\/supprimer les cookies :<\/p>\n<p>&nbsp;<\/p>\n<h3>Internet Explorer<\/h3>\n<ul>\n<li>Dans Internet Explorer, cliquez sur le bouton Outils, puis cliquez sur Options Internet. Cliquez sur l\u2019onglet General et, dans Historique de navigation, cliquez sur Param\u00e8tres. Ensuite, cliquez sur le bouton Voir les fichiers.<\/li>\n<li>Cliquez sur l\u2019en-t\u00eate de colonne Nom pour classer les fichiers dans l\u2019ordre alphab\u00e9tique. Faites d\u00e9filer la liste jusqu\u2019\u00e0 ce que vous trouviez les noms de fichiers commen\u00e7ant par \u00ab Cookie \u00bb (tous les cookies commencent par ce pr\u00e9fixe et leurs noms de fichier contiennent aussi g\u00e9n\u00e9ralement le nom du site Internet qui a envoy\u00e9 le cookie).<\/li>\n<li>Choisissez les cookies qui contiennent le nom de la Soci\u00e9t\u00e9 et supprimez-les.<\/li>\n<li>Fermez la fen\u00eatre de la liste des fichiers puis faites un double-clic sur OK pour revenir dans Internet Explorer.<\/li>\n<\/ul>\n<p class=\"p2\">Pour plus d\u2019informations sur les param\u00e8tres de cookies dans Internet Explorer, rendez-vous\u00a0<a href=\"https:\/\/support.microsoft.com\/en-us\/help\/17442\/windows-internet-explorer-delete-manage-cookies\"><span class=\"s4\">ici<\/span><\/a><\/p>\n<h3>Safari<\/h3>\n<ul>\n<li class=\"wp-block-heading\">\n<p class=\"p2\">Dans Safari, allez dans le menu Safari et s\u00e9lectionnez Pr\u00e9f\u00e9rences.<\/p>\n<\/li>\n<li class=\"wp-block-heading\">\n<p class=\"p2\">Cliquez sur S\u00e9curit\u00e9.<\/p>\n<\/li>\n<li class=\"wp-block-heading\">\n<p class=\"p2\">Cliquez sur Montrer les cookies.<\/p>\n<\/li>\n<li class=\"wp-block-heading\">\n<p class=\"p2\">S\u00e9lectionnez les cookies qui contiennent le nom de la Soci\u00e9t\u00e9 et cliquez sur Supprimer ou Tout supprimer.<\/p>\n<\/li>\n<li class=\"wp-block-heading\">\n<p class=\"p2\">Une fois que vous avez supprim\u00e9 les cookies, cliquez sur Termin\u00e9.<\/p>\n<\/li>\n<\/ul>\n<p class=\"p2\">Pour plus d\u2019informations sur les param\u00e8tres de cookies dans Safari, rendez-vous\u00a0\u00a0<a href=\"https:\/\/support.apple.com\/kb\/PH21411?viewlocale=en_US&amp;locale=en_US\"><span class=\"s4\">ici<\/span><\/a><\/p>\n<h3>Chrome<\/h3>\n<ul>\n<li>Allez dans le menu Chrome situ\u00e9 dans la barre d\u2019outils.<\/li>\n<li>S\u00e9lectionnez Param\u00e8tres.<\/li>\n<li>Cliquez sur Montrer les param\u00e8tres avanc\u00e9s.<\/li>\n<li>Allez \u00e0 la rubrique Confidentialit\u00e9.<\/li>\n<li>Cliquez sur le bouton Monter les cookies. S\u00e9lectionnez les cookies contenant le nom de la Soci\u00e9t\u00e9 et supprimez-les.<\/li>\n<li>Cliquez sur Fermer pour revenir au navigateur.<\/li>\n<\/ul>\n<p class=\"p2\">Pour plus d\u2019informations sur les param\u00e8tres de cookies dans Chrome, rendez-vous\u00a0<a href=\"https:\/\/support.google.com\/chrome\/answer\/95647?hl=en&amp;hlrm=en\"><span class=\"s4\">ici<\/span><\/a><\/p>\n<h3>Firefox<\/h3>\n<ul>\n<li>Allez dans l\u2019onglet Outils dans Firefox et s\u00e9lectionnez le menu Options.<\/li>\n<li>Dans la fen\u00eatre qui s\u2019ouvre, s\u00e9lectionnez Confidentialit\u00e9 et cliquez sur Montrer les cookies.<\/li>\n<li><span style=\"background-color: var(--bs-body-bg); color: var(--bs-body-color); font-family: var(--bs-body-font-family); font-size: var(--bs-body-font-size); font-weight: var(--bs-body-font-weight); text-align: var(--bs-body-text-align);\">S\u00e9lectionnez les cookies contenant le nom de la Soci\u00e9t\u00e9 et supprimez-les.<\/span><\/li>\n<\/ul>\n<p class=\"p2\">Pour plus d\u2019informations sur les param\u00e8tres de cookies dans Firefox, rendez-vous\u00a0<a href=\"https:\/\/support.mozilla.org\/en-US\/kb\/enable-and-disable-cookies-website-preferences\"><span class=\"s4\">ici<\/span><\/a><\/p>\n<p>Veuillez noter que les cookies sont essentiels au fonctionnement efficace de certains services que nous proposons en ligne. Si vous d\u00e9sactivez les cookies, plusieurs fonctions et services importants cesseront d\u2019\u00eatre disponibles et nos sites Internet pourront ne pas fonctionner correctement sur votre navigateur.<\/p>\n              <\/div>\n            \n                    <\/div>\n      <\/div>\n  <\/div>\n<\/div>\n\n\n<div id=\"block_677daa584ad220f6c8fc0c1fc86f86fe\" class=\"block-textminor\">\n    <div class=\"row\">\n              <div class=\"col-lg-10 col-12\">\n        <div class=\"block-textminor-main\">\n                          <h2 class=\"block-textminor-title h3\">\n                  Lexique              <\/h2>\n                                      <div class=\"block-textminor-text\">\n                  <ul>\n<li><strong>Navigateur<\/strong> \u2013 logiciel utilis\u00e9 pour localiser et afficher les pages Web.<\/li>\n<li><strong>Cookies<\/strong> \u2013 fichiers stock\u00e9s sur le mat\u00e9riel de l\u2019utilisateur con\u00e7us pour identifier les utilisateurs et collecter des renseignements les concernant.<\/li>\n<li><strong>Adresse IP<\/strong> \u2013 L\u2019adresse Internet Protocol est un identifiant affect\u00e9 \u00e0 un ordinateur qui utilise Internet. Les adresses IP peuvent \u00eatre statiques (un ordinateur particulier a toujours la m\u00eame adresse) ou dynamique (l\u2019adresse est diff\u00e9rente \u00e0 chaque fois que l\u2019ordinateur se connecte \u00e0 Internet).<\/li>\n<\/ul>\n              <\/div>\n            \n                    <\/div>\n      <\/div>\n  <\/div>\n<\/div>\n\n\n<div id=\"block_279d455411c7b396c30553d7d334749d\" class=\"block-textminor jetpulp-no-\">\n    <div class=\"row\">\n              <div class=\"col-lg-10 col-12\">\n        <div class=\"block-textminor-main\">\n                          <h2 class=\"block-textminor-title h3\">\n                  Signalement s\u00e9curis\u00e9              <\/h2>\n                                      <div class=\"block-textminor-text\">\n                  <p>Le lanceur d\u2019alerte ne sera pas sanctionn\u00e9 pour avoir signal\u00e9 une alerte conform\u00e9ment \u00e0 la loi Sapin II du 9 d\u00e9cembre 2016. Des mesures de protection renforc\u00e9es ont \u00e9t\u00e9 mises en place avec la loi Waserman du 22 mars 2022.<br aria-hidden=\"true\" \/>Toute personne entravant, de quelque mani\u00e8re que ce soit, la transmission d\u2019une alerte peut \u00eatre punie d\u2019une peine pouvant aller jusqu\u2019\u00e0 un an d\u2019emprisonnement et d\u2019une amende de 15 000 euros.<br aria-hidden=\"true\" \/>En cas de non-respect de la loi dans les domaines mentionn\u00e9s ci-dessus, des sanctions disciplinaires peuvent \u00eatre prises, pouvant aller jusqu\u2019au licenciement, et des poursuites judiciaires peuvent \u00eatre engag\u00e9es. Les donn\u00e9es relatives aux alertes seront conserv\u00e9es ou d\u00e9truites conform\u00e9ment aux dispositions l\u00e9gales.<br aria-hidden=\"true\" \/>Les signalements ne doivent en aucun cas \u00eatre motiv\u00e9s par la malveillance ou la mauvaise foi, sous peine de sanctions disciplinaires.<br aria-hidden=\"true\" \/>Conform\u00e9ment \u00e0 l\u2019article 122-9 du Code p\u00e9nal, les lanceurs d\u2019alerte ne sont pas p\u00e9nalement responsables s\u2019ils enfreignent un secret prot\u00e9g\u00e9 par la loi, \u00e0 condition que cette divulgation soit <b>n\u00e9cessaire et proportionn\u00e9e<\/b> pour prot\u00e9ger les int\u00e9r\u00eats en jeu et qu\u2019elle respecte les conditions de signalement d\u00e9finies par la loi Sapin II.<br aria-hidden=\"true\" \/>Les lanceurs d\u2019alerte ne sont pas non plus civilement responsables des dommages caus\u00e9s par leur signalement ou leur divulgation publique, s\u2019ils avaient des <b>motifs raisonnables de croire que cette action \u00e9tait n\u00e9cessaire<\/b> pour prot\u00e9ger les int\u00e9r\u00eats en jeu, conform\u00e9ment aux conditions l\u00e9gales.<br aria-hidden=\"true\" \/>Une <b>protection \u00e9tendue<\/b> est offerte aux lanceurs d\u2019alerte contre diverses formes de repr\u00e9sailles professionnelles, y compris le licenciement, la r\u00e9trogradation, la r\u00e9duction de salaire, le harc\u00e8lement et la discrimination. Cette protection s\u2019applique \u00e9galement aux personnes impliqu\u00e9es dans l\u2019enqu\u00eate.<br aria-hidden=\"true\" \/>Les d\u00e9tails du dispositif de signalement et la proc\u00e9dure \u00e0 suivre sont disponibles sur la plateforme \u00e9thique de signalement <b>Whispli<\/b>.<\/p>\n              <\/div>\n            \n                          <div class=\"block-textminor-ctas\">\n                                                        <div class=\"block-textminor-link\">\n                      <a target=\"_blank\"\n                         href=\"https:\/\/drive.google.com\/file\/d\/1Pg51oBQ_tEcCtxiC1VjAFExb-24ex9cs\/view\"\n                         class=\"simple-link\">\n                        <i class=\"icon icon-arrow-right\"><\/i>\n                          Consulter notre politique de traitement des signalements \u00e9thiques                      <\/a>\n                    <\/div>\n                                <\/div>\n                    <\/div>\n      <\/div>\n  <\/div>\n<\/div>\n<\/div>\n","protected":false},"excerpt":{"rendered":"","protected":false},"author":10,"featured_media":0,"parent":0,"menu_order":0,"comment_status":"closed","ping_status":"closed","template":"","meta":{"_acf_changed":true,"color_menu":"","footer_color_background":"","featured_image_url":"","footnotes":""},"class_list":["post-3696","page","type-page","status-publish","hentry"],"acf":[],"yoast_head":"<!-- This site is optimized with the Yoast SEO plugin v27.4 - https:\/\/yoast.com\/product\/yoast-seo-wordpress\/ -->\n<title>Gestion des cookies - Altavia - Altavia<\/title>\n<meta name=\"description\" content=\"G\u00e9rez vos pr\u00e9f\u00e9rences de cookies. Altavia s&#039;engage pour la protection de vos donn\u00e9es personnelles et au respect de la vie priv\u00e9e conform\u00e9ment au RGPD.\" \/>\n<meta name=\"robots\" content=\"index, follow, max-snippet:-1, max-image-preview:large, max-video-preview:-1\" \/>\n<meta property=\"og:locale\" content=\"fr_FR\" \/>\n<meta property=\"og:type\" content=\"article\" \/>\n<meta property=\"og:title\" content=\"Gestion des cookies - Altavia - Altavia\" \/>\n<meta property=\"og:description\" content=\"G\u00e9rez vos pr\u00e9f\u00e9rences de cookies. Altavia s&#039;engage pour la protection de vos donn\u00e9es personnelles et au respect de la vie priv\u00e9e conform\u00e9ment au RGPD.\" \/>\n<meta property=\"og:url\" content=\"https:\/\/altavia-group.com\/fr\/gestion-des-cookies\/\" \/>\n<meta property=\"og:site_name\" content=\"Altavia\" \/>\n<meta property=\"article:modified_time\" content=\"2026-03-12T12:37:33+00:00\" \/>\n<meta property=\"og:image\" content=\"https:\/\/altavia-group.com\/wp-content\/uploads\/2026\/03\/Visual_Browser.png\" \/>\n\t<meta property=\"og:image:width\" content=\"1668\" \/>\n\t<meta property=\"og:image:height\" content=\"936\" \/>\n\t<meta property=\"og:image:type\" content=\"image\/png\" \/>\n<meta name=\"twitter:card\" content=\"summary_large_image\" \/>\n<script type=\"application\/ld+json\" class=\"yoast-schema-graph\">{\"@context\":\"https:\\\/\\\/schema.org\",\"@graph\":[{\"@type\":\"WebPage\",\"@id\":\"https:\\\/\\\/altavia-group.com\\\/fr\\\/gestion-des-cookies\\\/\",\"url\":\"https:\\\/\\\/altavia-group.com\\\/fr\\\/gestion-des-cookies\\\/\",\"name\":\"Gestion des cookies - Altavia - Altavia\",\"isPartOf\":{\"@id\":\"http:\\\/\\\/altavia-group.com\\\/fr\\\/#website\"},\"datePublished\":\"2014-06-13T10:28:51+00:00\",\"dateModified\":\"2026-03-12T12:37:33+00:00\",\"description\":\"G\u00e9rez vos pr\u00e9f\u00e9rences de cookies. Altavia s'engage pour la protection de vos donn\u00e9es personnelles et au respect de la vie priv\u00e9e conform\u00e9ment au RGPD.\",\"breadcrumb\":{\"@id\":\"https:\\\/\\\/altavia-group.com\\\/fr\\\/gestion-des-cookies\\\/#breadcrumb\"},\"inLanguage\":\"fr-FR\",\"potentialAction\":[{\"@type\":\"ReadAction\",\"target\":[\"https:\\\/\\\/altavia-group.com\\\/fr\\\/gestion-des-cookies\\\/\"]}]},{\"@type\":\"BreadcrumbList\",\"@id\":\"https:\\\/\\\/altavia-group.com\\\/fr\\\/gestion-des-cookies\\\/#breadcrumb\",\"itemListElement\":[{\"@type\":\"ListItem\",\"position\":1,\"name\":\"Home\",\"item\":\"https:\\\/\\\/altavia-group.com\\\/fr\\\/\"},{\"@type\":\"ListItem\",\"position\":2,\"name\":\"Gestion des cookies\"}]},{\"@type\":\"WebSite\",\"@id\":\"http:\\\/\\\/altavia-group.com\\\/fr\\\/#website\",\"url\":\"http:\\\/\\\/altavia-group.com\\\/fr\\\/\",\"name\":\"Altavia\",\"description\":\"Let\u2019s unlock our imagination.\",\"publisher\":{\"@id\":\"http:\\\/\\\/altavia-group.com\\\/fr\\\/#organization\"},\"potentialAction\":[{\"@type\":\"SearchAction\",\"target\":{\"@type\":\"EntryPoint\",\"urlTemplate\":\"http:\\\/\\\/altavia-group.com\\\/fr\\\/?s={search_term_string}\"},\"query-input\":{\"@type\":\"PropertyValueSpecification\",\"valueRequired\":true,\"valueName\":\"search_term_string\"}}],\"inLanguage\":\"fr-FR\"},{\"@type\":\"Organization\",\"@id\":\"http:\\\/\\\/altavia-group.com\\\/fr\\\/#organization\",\"name\":\"Altavia\",\"url\":\"http:\\\/\\\/altavia-group.com\\\/fr\\\/\",\"logo\":{\"@type\":\"ImageObject\",\"inLanguage\":\"fr-FR\",\"@id\":\"http:\\\/\\\/altavia-group.com\\\/fr\\\/#\\\/schema\\\/logo\\\/image\\\/\",\"url\":\"http:\\\/\\\/altavia-group.com\\\/wp-content\\\/uploads\\\/2024\\\/12\\\/cropped-favicon-altavia.png\",\"contentUrl\":\"http:\\\/\\\/altavia-group.com\\\/wp-content\\\/uploads\\\/2024\\\/12\\\/cropped-favicon-altavia.png\",\"width\":512,\"height\":512,\"caption\":\"Altavia\"},\"image\":{\"@id\":\"http:\\\/\\\/altavia-group.com\\\/fr\\\/#\\\/schema\\\/logo\\\/image\\\/\"}}]}<\/script>\n<!-- \/ Yoast SEO plugin. -->","yoast_head_json":{"title":"Gestion des cookies - Altavia - Altavia","description":"G\u00e9rez vos pr\u00e9f\u00e9rences de cookies. Altavia s'engage pour la protection de vos donn\u00e9es personnelles et au respect de la vie priv\u00e9e conform\u00e9ment au RGPD.","robots":{"index":"index","follow":"follow","max-snippet":"max-snippet:-1","max-image-preview":"max-image-preview:large","max-video-preview":"max-video-preview:-1"},"og_locale":"fr_FR","og_type":"article","og_title":"Gestion des cookies - Altavia - Altavia","og_description":"G\u00e9rez vos pr\u00e9f\u00e9rences de cookies. Altavia s'engage pour la protection de vos donn\u00e9es personnelles et au respect de la vie priv\u00e9e conform\u00e9ment au RGPD.","og_url":"https:\/\/altavia-group.com\/fr\/gestion-des-cookies\/","og_site_name":"Altavia","article_modified_time":"2026-03-12T12:37:33+00:00","og_image":[{"width":1668,"height":936,"url":"https:\/\/altavia-group.com\/wp-content\/uploads\/2026\/03\/Visual_Browser.png","type":"image\/png"}],"twitter_card":"summary_large_image","schema":{"@context":"https:\/\/schema.org","@graph":[{"@type":"WebPage","@id":"https:\/\/altavia-group.com\/fr\/gestion-des-cookies\/","url":"https:\/\/altavia-group.com\/fr\/gestion-des-cookies\/","name":"Gestion des cookies - Altavia - Altavia","isPartOf":{"@id":"http:\/\/altavia-group.com\/fr\/#website"},"datePublished":"2014-06-13T10:28:51+00:00","dateModified":"2026-03-12T12:37:33+00:00","description":"G\u00e9rez vos pr\u00e9f\u00e9rences de cookies. Altavia s'engage pour la protection de vos donn\u00e9es personnelles et au respect de la vie priv\u00e9e conform\u00e9ment au RGPD.","breadcrumb":{"@id":"https:\/\/altavia-group.com\/fr\/gestion-des-cookies\/#breadcrumb"},"inLanguage":"fr-FR","potentialAction":[{"@type":"ReadAction","target":["https:\/\/altavia-group.com\/fr\/gestion-des-cookies\/"]}]},{"@type":"BreadcrumbList","@id":"https:\/\/altavia-group.com\/fr\/gestion-des-cookies\/#breadcrumb","itemListElement":[{"@type":"ListItem","position":1,"name":"Home","item":"https:\/\/altavia-group.com\/fr\/"},{"@type":"ListItem","position":2,"name":"Gestion des cookies"}]},{"@type":"WebSite","@id":"http:\/\/altavia-group.com\/fr\/#website","url":"http:\/\/altavia-group.com\/fr\/","name":"Altavia","description":"Let\u2019s unlock our imagination.","publisher":{"@id":"http:\/\/altavia-group.com\/fr\/#organization"},"potentialAction":[{"@type":"SearchAction","target":{"@type":"EntryPoint","urlTemplate":"http:\/\/altavia-group.com\/fr\/?s={search_term_string}"},"query-input":{"@type":"PropertyValueSpecification","valueRequired":true,"valueName":"search_term_string"}}],"inLanguage":"fr-FR"},{"@type":"Organization","@id":"http:\/\/altavia-group.com\/fr\/#organization","name":"Altavia","url":"http:\/\/altavia-group.com\/fr\/","logo":{"@type":"ImageObject","inLanguage":"fr-FR","@id":"http:\/\/altavia-group.com\/fr\/#\/schema\/logo\/image\/","url":"http:\/\/altavia-group.com\/wp-content\/uploads\/2024\/12\/cropped-favicon-altavia.png","contentUrl":"http:\/\/altavia-group.com\/wp-content\/uploads\/2024\/12\/cropped-favicon-altavia.png","width":512,"height":512,"caption":"Altavia"},"image":{"@id":"http:\/\/altavia-group.com\/fr\/#\/schema\/logo\/image\/"}}]}},"_links":{"self":[{"href":"https:\/\/altavia-group.com\/fr\/wp-json\/wp\/v2\/pages\/3696","targetHints":{"allow":["GET"]}}],"collection":[{"href":"https:\/\/altavia-group.com\/fr\/wp-json\/wp\/v2\/pages"}],"about":[{"href":"https:\/\/altavia-group.com\/fr\/wp-json\/wp\/v2\/types\/page"}],"author":[{"embeddable":true,"href":"https:\/\/altavia-group.com\/fr\/wp-json\/wp\/v2\/users\/10"}],"replies":[{"embeddable":true,"href":"https:\/\/altavia-group.com\/fr\/wp-json\/wp\/v2\/comments?post=3696"}],"version-history":[{"count":0,"href":"https:\/\/altavia-group.com\/fr\/wp-json\/wp\/v2\/pages\/3696\/revisions"}],"wp:attachment":[{"href":"https:\/\/altavia-group.com\/fr\/wp-json\/wp\/v2\/media?parent=3696"}],"curies":[{"name":"wp","href":"https:\/\/api.w.org\/{rel}","templated":true}]}}